{"id":17,"date":"2021-12-23T14:33:21","date_gmt":"2021-12-23T13:33:21","guid":{"rendered":"http:\/\/akademiadeyny.pl\/?page_id=17"},"modified":"2025-08-06T12:25:20","modified_gmt":"2025-08-06T10:25:20","slug":"akademia-pilkarska-deyna","status":"publish","type":"page","link":"https:\/\/apdeyna.pl\/en\/","title":{"rendered":"Strona g\u0142\u00f3wna"},"content":{"rendered":"<div data-elementor-type=\"wp-page\" data-elementor-id=\"17\" class=\"elementor elementor-17\" data-elementor-post-type=\"page\">\n\t\t\t\t\t\t<section class=\"elementor-section elementor-top-section elementor-element elementor-element-f4b72da elementor-section-boxed elementor-section-height-default elementor-section-height-default\" data-id=\"f4b72da\" data-element_type=\"section\">\n\t\t\t\t\t\t<div class=\"elementor-container elementor-column-gap-default\">\n\t\t\t\t\t<div class=\"elementor-column elementor-col-25 elementor-top-column elementor-element elementor-element-72a53de\" data-id=\"72a53de\" data-element_type=\"column\">\n\t\t\t<div class=\"elementor-widget-wrap elementor-element-populated\">\n\t\t\t\t\t\t<div class=\"elementor-element elementor-element-cec6366 e-transform elementor-widget elementor-widget-image\" data-id=\"cec6366\" data-element_type=\"widget\" data-settings=\"{&quot;_transform_translateY_effect_hover&quot;:{&quot;unit&quot;:&quot;px&quot;,&quot;size&quot;:-45,&quot;sizes&quot;:[]},&quot;_transform_translateX_effect_hover&quot;:{&quot;unit&quot;:&quot;px&quot;,&quot;size&quot;:&quot;&quot;,&quot;sizes&quot;:[]},&quot;_transform_translateX_effect_hover_tablet&quot;:{&quot;unit&quot;:&quot;px&quot;,&quot;size&quot;:&quot;&quot;,&quot;sizes&quot;:[]},&quot;_transform_translateX_effect_hover_mobile&quot;:{&quot;unit&quot;:&quot;px&quot;,&quot;size&quot;:&quot;&quot;,&quot;sizes&quot;:[]},&quot;_transform_translateY_effect_hover_tablet&quot;:{&quot;unit&quot;:&quot;px&quot;,&quot;size&quot;:&quot;&quot;,&quot;sizes&quot;:[]},&quot;_transform_translateY_effect_hover_mobile&quot;:{&quot;unit&quot;:&quot;px&quot;,&quot;size&quot;:&quot;&quot;,&quot;sizes&quot;:[]}}\" data-widget_type=\"image.default\">\n\t\t\t\t<div class=\"elementor-widget-container\">\n\t\t\t\t\t\t\t\t\t\t\t\t\t\t\t\t<a href=\"https:\/\/akademiadeyny.pl\/index.php\/zapisy\/kadra-trenerska\/\">\n\t\t\t\t\t\t\t<img fetchpriority=\"high\" decoding=\"async\" width=\"328\" height=\"468\" src=\"https:\/\/apdeyna.pl\/wp-content\/uploads\/2023\/01\/kadra-1.jpg\" class=\"attachment-large size-large wp-image-368\" alt=\"\" srcset=\"https:\/\/apdeyna.pl\/wp-content\/uploads\/2023\/01\/kadra-1.jpg 328w, https:\/\/apdeyna.pl\/wp-content\/uploads\/2023\/01\/kadra-1-210x300.jpg 210w, https:\/\/apdeyna.pl\/wp-content\/uploads\/2023\/01\/kadra-1-8x12.jpg 8w\" sizes=\"(max-width: 328px) 100vw, 328px\" \/>\t\t\t\t\t\t\t\t<\/a>\n\t\t\t\t\t\t\t\t\t\t\t\t\t\t\t<\/div>\n\t\t\t\t<\/div>\n\t\t\t\t\t<\/div>\n\t\t<\/div>\n\t\t\t\t<div class=\"elementor-column elementor-col-25 elementor-top-column elementor-element elementor-element-4b499d9\" data-id=\"4b499d9\" data-element_type=\"column\">\n\t\t\t<div class=\"elementor-widget-wrap elementor-element-populated\">\n\t\t\t\t\t\t<div class=\"elementor-element elementor-element-11d97ef e-transform elementor-widget elementor-widget-image\" data-id=\"11d97ef\" data-element_type=\"widget\" data-settings=\"{&quot;_transform_translateY_effect_hover&quot;:{&quot;unit&quot;:&quot;px&quot;,&quot;size&quot;:-45,&quot;sizes&quot;:[]},&quot;_transform_translateX_effect_hover&quot;:{&quot;unit&quot;:&quot;px&quot;,&quot;size&quot;:&quot;&quot;,&quot;sizes&quot;:[]},&quot;_transform_translateX_effect_hover_tablet&quot;:{&quot;unit&quot;:&quot;px&quot;,&quot;size&quot;:&quot;&quot;,&quot;sizes&quot;:[]},&quot;_transform_translateX_effect_hover_mobile&quot;:{&quot;unit&quot;:&quot;px&quot;,&quot;size&quot;:&quot;&quot;,&quot;sizes&quot;:[]},&quot;_transform_translateY_effect_hover_tablet&quot;:{&quot;unit&quot;:&quot;px&quot;,&quot;size&quot;:&quot;&quot;,&quot;sizes&quot;:[]},&quot;_transform_translateY_effect_hover_mobile&quot;:{&quot;unit&quot;:&quot;px&quot;,&quot;size&quot;:&quot;&quot;,&quot;sizes&quot;:[]}}\" data-widget_type=\"image.default\">\n\t\t\t\t<div class=\"elementor-widget-container\">\n\t\t\t\t\t\t\t\t\t\t\t\t\t\t\t\t<a href=\"https:\/\/akademiadeyny.pl\/index.php\/zapisy\/rocznik-2012\/\">\n\t\t\t\t\t\t\t<img decoding=\"async\" width=\"328\" height=\"468\" src=\"https:\/\/apdeyna.pl\/wp-content\/uploads\/2023\/01\/2012-1.jpg\" class=\"attachment-large size-large wp-image-361\" alt=\"\" srcset=\"https:\/\/apdeyna.pl\/wp-content\/uploads\/2023\/01\/2012-1.jpg 328w, https:\/\/apdeyna.pl\/wp-content\/uploads\/2023\/01\/2012-1-210x300.jpg 210w, https:\/\/apdeyna.pl\/wp-content\/uploads\/2023\/01\/2012-1-8x12.jpg 8w\" sizes=\"(max-width: 328px) 100vw, 328px\" \/>\t\t\t\t\t\t\t\t<\/a>\n\t\t\t\t\t\t\t\t\t\t\t\t\t\t\t<\/div>\n\t\t\t\t<\/div>\n\t\t\t\t\t<\/div>\n\t\t<\/div>\n\t\t\t\t<div class=\"elementor-column elementor-col-25 elementor-top-column elementor-element elementor-element-787ebe8\" data-id=\"787ebe8\" data-element_type=\"column\">\n\t\t\t<div class=\"elementor-widget-wrap elementor-element-populated\">\n\t\t\t\t\t\t<div class=\"elementor-element elementor-element-0f967c0 e-transform elementor-widget elementor-widget-image\" data-id=\"0f967c0\" data-element_type=\"widget\" data-settings=\"{&quot;_transform_translateY_effect_hover&quot;:{&quot;unit&quot;:&quot;px&quot;,&quot;size&quot;:-45,&quot;sizes&quot;:[]},&quot;_transform_translateX_effect_hover&quot;:{&quot;unit&quot;:&quot;px&quot;,&quot;size&quot;:&quot;&quot;,&quot;sizes&quot;:[]},&quot;_transform_translateX_effect_hover_tablet&quot;:{&quot;unit&quot;:&quot;px&quot;,&quot;size&quot;:&quot;&quot;,&quot;sizes&quot;:[]},&quot;_transform_translateX_effect_hover_mobile&quot;:{&quot;unit&quot;:&quot;px&quot;,&quot;size&quot;:&quot;&quot;,&quot;sizes&quot;:[]},&quot;_transform_translateY_effect_hover_tablet&quot;:{&quot;unit&quot;:&quot;px&quot;,&quot;size&quot;:&quot;&quot;,&quot;sizes&quot;:[]},&quot;_transform_translateY_effect_hover_mobile&quot;:{&quot;unit&quot;:&quot;px&quot;,&quot;size&quot;:&quot;&quot;,&quot;sizes&quot;:[]}}\" data-widget_type=\"image.default\">\n\t\t\t\t<div class=\"elementor-widget-container\">\n\t\t\t\t\t\t\t\t\t\t\t\t\t\t\t<img decoding=\"async\" width=\"328\" height=\"468\" src=\"https:\/\/apdeyna.pl\/wp-content\/uploads\/2023\/01\/2013.jpg\" class=\"attachment-large size-large wp-image-362\" alt=\"\" srcset=\"https:\/\/apdeyna.pl\/wp-content\/uploads\/2023\/01\/2013.jpg 328w, https:\/\/apdeyna.pl\/wp-content\/uploads\/2023\/01\/2013-210x300.jpg 210w, https:\/\/apdeyna.pl\/wp-content\/uploads\/2023\/01\/2013-8x12.jpg 8w\" sizes=\"(max-width: 328px) 100vw, 328px\" \/>\t\t\t\t\t\t\t\t\t\t\t\t\t\t\t<\/div>\n\t\t\t\t<\/div>\n\t\t\t\t\t<\/div>\n\t\t<\/div>\n\t\t\t\t<div class=\"elementor-column elementor-col-25 elementor-top-column elementor-element elementor-element-7b46469\" data-id=\"7b46469\" data-element_type=\"column\">\n\t\t\t<div class=\"elementor-widget-wrap elementor-element-populated\">\n\t\t\t\t\t\t<div class=\"elementor-element elementor-element-9412d05 e-transform elementor-widget elementor-widget-image\" data-id=\"9412d05\" data-element_type=\"widget\" data-settings=\"{&quot;_transform_translateY_effect_hover&quot;:{&quot;unit&quot;:&quot;px&quot;,&quot;size&quot;:-45,&quot;sizes&quot;:[]},&quot;_transform_translateX_effect_hover&quot;:{&quot;unit&quot;:&quot;px&quot;,&quot;size&quot;:&quot;&quot;,&quot;sizes&quot;:[]},&quot;_transform_translateX_effect_hover_tablet&quot;:{&quot;unit&quot;:&quot;px&quot;,&quot;size&quot;:&quot;&quot;,&quot;sizes&quot;:[]},&quot;_transform_translateX_effect_hover_mobile&quot;:{&quot;unit&quot;:&quot;px&quot;,&quot;size&quot;:&quot;&quot;,&quot;sizes&quot;:[]},&quot;_transform_translateY_effect_hover_tablet&quot;:{&quot;unit&quot;:&quot;px&quot;,&quot;size&quot;:&quot;&quot;,&quot;sizes&quot;:[]},&quot;_transform_translateY_effect_hover_mobile&quot;:{&quot;unit&quot;:&quot;px&quot;,&quot;size&quot;:&quot;&quot;,&quot;sizes&quot;:[]}}\" data-widget_type=\"image.default\">\n\t\t\t\t<div class=\"elementor-widget-container\">\n\t\t\t\t\t\t\t\t\t\t\t\t\t\t\t\t<a href=\"https:\/\/akademiadeyny.pl\/index.php\/zapisy\/e-deklaracje\/\">\n\t\t\t\t\t\t\t<img loading=\"lazy\" decoding=\"async\" width=\"328\" height=\"468\" src=\"https:\/\/apdeyna.pl\/wp-content\/uploads\/2023\/01\/deklaracja-1.jpg\" class=\"attachment-large size-large wp-image-366\" alt=\"\" srcset=\"https:\/\/apdeyna.pl\/wp-content\/uploads\/2023\/01\/deklaracja-1.jpg 328w, https:\/\/apdeyna.pl\/wp-content\/uploads\/2023\/01\/deklaracja-1-210x300.jpg 210w, https:\/\/apdeyna.pl\/wp-content\/uploads\/2023\/01\/deklaracja-1-8x12.jpg 8w\" sizes=\"(max-width: 328px) 100vw, 328px\" \/>\t\t\t\t\t\t\t\t<\/a>\n\t\t\t\t\t\t\t\t\t\t\t\t\t\t\t<\/div>\n\t\t\t\t<\/div>\n\t\t\t\t\t<\/div>\n\t\t<\/div>\n\t\t\t\t\t<\/div>\n\t\t<\/section>\n\t\t\t\t<section class=\"elementor-section elementor-top-section elementor-element elementor-element-c57e38b elementor-section-boxed elementor-section-height-default elementor-section-height-default\" data-id=\"c57e38b\" data-element_type=\"section\">\n\t\t\t\t\t\t<div class=\"elementor-container elementor-column-gap-default\">\n\t\t\t\t\t<div class=\"elementor-column elementor-col-25 elementor-top-column elementor-element elementor-element-1824e71\" data-id=\"1824e71\" data-element_type=\"column\">\n\t\t\t<div class=\"elementor-widget-wrap elementor-element-populated\">\n\t\t\t\t\t\t<div class=\"elementor-element elementor-element-423078e e-transform elementor-widget elementor-widget-image\" data-id=\"423078e\" data-element_type=\"widget\" data-settings=\"{&quot;_transform_translateY_effect_hover&quot;:{&quot;unit&quot;:&quot;px&quot;,&quot;size&quot;:-45,&quot;sizes&quot;:[]},&quot;_transform_translateX_effect_hover&quot;:{&quot;unit&quot;:&quot;px&quot;,&quot;size&quot;:&quot;&quot;,&quot;sizes&quot;:[]},&quot;_transform_translateX_effect_hover_tablet&quot;:{&quot;unit&quot;:&quot;px&quot;,&quot;size&quot;:&quot;&quot;,&quot;sizes&quot;:[]},&quot;_transform_translateX_effect_hover_mobile&quot;:{&quot;unit&quot;:&quot;px&quot;,&quot;size&quot;:&quot;&quot;,&quot;sizes&quot;:[]},&quot;_transform_translateY_effect_hover_tablet&quot;:{&quot;unit&quot;:&quot;px&quot;,&quot;size&quot;:&quot;&quot;,&quot;sizes&quot;:[]},&quot;_transform_translateY_effect_hover_mobile&quot;:{&quot;unit&quot;:&quot;px&quot;,&quot;size&quot;:&quot;&quot;,&quot;sizes&quot;:[]}}\" data-widget_type=\"image.default\">\n\t\t\t\t<div class=\"elementor-widget-container\">\n\t\t\t\t\t\t\t\t\t\t\t\t\t\t\t\t<a href=\"https:\/\/akademiadeyny.pl\/index.php\/zapisy\/rocznik-2014\/\">\n\t\t\t\t\t\t\t<img loading=\"lazy\" decoding=\"async\" width=\"328\" height=\"468\" src=\"https:\/\/apdeyna.pl\/wp-content\/uploads\/2023\/01\/2014-1.jpg\" class=\"attachment-large size-large wp-image-363\" alt=\"\" srcset=\"https:\/\/apdeyna.pl\/wp-content\/uploads\/2023\/01\/2014-1.jpg 328w, https:\/\/apdeyna.pl\/wp-content\/uploads\/2023\/01\/2014-1-210x300.jpg 210w, https:\/\/apdeyna.pl\/wp-content\/uploads\/2023\/01\/2014-1-8x12.jpg 8w\" sizes=\"(max-width: 328px) 100vw, 328px\" \/>\t\t\t\t\t\t\t\t<\/a>\n\t\t\t\t\t\t\t\t\t\t\t\t\t\t\t<\/div>\n\t\t\t\t<\/div>\n\t\t\t\t\t<\/div>\n\t\t<\/div>\n\t\t\t\t<div class=\"elementor-column elementor-col-25 elementor-top-column elementor-element elementor-element-840d96b\" data-id=\"840d96b\" data-element_type=\"column\">\n\t\t\t<div class=\"elementor-widget-wrap elementor-element-populated\">\n\t\t\t\t\t\t<div class=\"elementor-element elementor-element-12716de e-transform elementor-widget elementor-widget-image\" data-id=\"12716de\" data-element_type=\"widget\" data-settings=\"{&quot;_transform_translateY_effect_hover&quot;:{&quot;unit&quot;:&quot;px&quot;,&quot;size&quot;:-45,&quot;sizes&quot;:[]},&quot;_transform_translateX_effect_hover&quot;:{&quot;unit&quot;:&quot;px&quot;,&quot;size&quot;:&quot;&quot;,&quot;sizes&quot;:[]},&quot;_transform_translateX_effect_hover_tablet&quot;:{&quot;unit&quot;:&quot;px&quot;,&quot;size&quot;:&quot;&quot;,&quot;sizes&quot;:[]},&quot;_transform_translateX_effect_hover_mobile&quot;:{&quot;unit&quot;:&quot;px&quot;,&quot;size&quot;:&quot;&quot;,&quot;sizes&quot;:[]},&quot;_transform_translateY_effect_hover_tablet&quot;:{&quot;unit&quot;:&quot;px&quot;,&quot;size&quot;:&quot;&quot;,&quot;sizes&quot;:[]},&quot;_transform_translateY_effect_hover_mobile&quot;:{&quot;unit&quot;:&quot;px&quot;,&quot;size&quot;:&quot;&quot;,&quot;sizes&quot;:[]}}\" data-widget_type=\"image.default\">\n\t\t\t\t<div class=\"elementor-widget-container\">\n\t\t\t\t\t\t\t\t\t\t\t\t\t\t\t\t<a href=\"https:\/\/akademiadeyny.pl\/index.php\/zapisy\/rocznik-2015\/\">\n\t\t\t\t\t\t\t<img loading=\"lazy\" decoding=\"async\" width=\"328\" height=\"468\" src=\"https:\/\/apdeyna.pl\/wp-content\/uploads\/2023\/01\/2015-1.jpg\" class=\"attachment-large size-large wp-image-364\" alt=\"\" srcset=\"https:\/\/apdeyna.pl\/wp-content\/uploads\/2023\/01\/2015-1.jpg 328w, https:\/\/apdeyna.pl\/wp-content\/uploads\/2023\/01\/2015-1-210x300.jpg 210w, https:\/\/apdeyna.pl\/wp-content\/uploads\/2023\/01\/2015-1-8x12.jpg 8w\" sizes=\"(max-width: 328px) 100vw, 328px\" \/>\t\t\t\t\t\t\t\t<\/a>\n\t\t\t\t\t\t\t\t\t\t\t\t\t\t\t<\/div>\n\t\t\t\t<\/div>\n\t\t\t\t\t<\/div>\n\t\t<\/div>\n\t\t\t\t<div class=\"elementor-column elementor-col-25 elementor-top-column elementor-element elementor-element-eb92e2e\" data-id=\"eb92e2e\" data-element_type=\"column\">\n\t\t\t<div class=\"elementor-widget-wrap elementor-element-populated\">\n\t\t\t\t\t\t<div class=\"elementor-element elementor-element-da10c76 e-transform elementor-widget elementor-widget-image\" data-id=\"da10c76\" data-element_type=\"widget\" data-settings=\"{&quot;_transform_translateY_effect_hover&quot;:{&quot;unit&quot;:&quot;px&quot;,&quot;size&quot;:-45,&quot;sizes&quot;:[]},&quot;_transform_translateX_effect_hover&quot;:{&quot;unit&quot;:&quot;px&quot;,&quot;size&quot;:&quot;&quot;,&quot;sizes&quot;:[]},&quot;_transform_translateX_effect_hover_tablet&quot;:{&quot;unit&quot;:&quot;px&quot;,&quot;size&quot;:&quot;&quot;,&quot;sizes&quot;:[]},&quot;_transform_translateX_effect_hover_mobile&quot;:{&quot;unit&quot;:&quot;px&quot;,&quot;size&quot;:&quot;&quot;,&quot;sizes&quot;:[]},&quot;_transform_translateY_effect_hover_tablet&quot;:{&quot;unit&quot;:&quot;px&quot;,&quot;size&quot;:&quot;&quot;,&quot;sizes&quot;:[]},&quot;_transform_translateY_effect_hover_mobile&quot;:{&quot;unit&quot;:&quot;px&quot;,&quot;size&quot;:&quot;&quot;,&quot;sizes&quot;:[]}}\" data-widget_type=\"image.default\">\n\t\t\t\t<div class=\"elementor-widget-container\">\n\t\t\t\t\t\t\t\t\t\t\t\t\t\t\t\t<a href=\"https:\/\/akademiadeyny.pl\/index.php\/zapisy\/rocznik-2016\/\">\n\t\t\t\t\t\t\t<img loading=\"lazy\" decoding=\"async\" width=\"328\" height=\"468\" src=\"https:\/\/apdeyna.pl\/wp-content\/uploads\/2023\/01\/2016-1.jpg\" class=\"attachment-large size-large wp-image-365\" alt=\"\" srcset=\"https:\/\/apdeyna.pl\/wp-content\/uploads\/2023\/01\/2016-1.jpg 328w, https:\/\/apdeyna.pl\/wp-content\/uploads\/2023\/01\/2016-1-210x300.jpg 210w, https:\/\/apdeyna.pl\/wp-content\/uploads\/2023\/01\/2016-1-8x12.jpg 8w\" sizes=\"(max-width: 328px) 100vw, 328px\" \/>\t\t\t\t\t\t\t\t<\/a>\n\t\t\t\t\t\t\t\t\t\t\t\t\t\t\t<\/div>\n\t\t\t\t<\/div>\n\t\t\t\t\t<\/div>\n\t\t<\/div>\n\t\t\t\t<div class=\"elementor-column elementor-col-25 elementor-top-column elementor-element elementor-element-e5dccf1\" data-id=\"e5dccf1\" data-element_type=\"column\">\n\t\t\t<div class=\"elementor-widget-wrap elementor-element-populated\">\n\t\t\t\t\t\t<div class=\"elementor-element elementor-element-e12e555 e-transform elementor-widget elementor-widget-image\" data-id=\"e12e555\" data-element_type=\"widget\" data-settings=\"{&quot;_transform_translateY_effect_hover&quot;:{&quot;unit&quot;:&quot;px&quot;,&quot;size&quot;:-45,&quot;sizes&quot;:[]},&quot;_transform_translateX_effect_hover&quot;:{&quot;unit&quot;:&quot;px&quot;,&quot;size&quot;:&quot;&quot;,&quot;sizes&quot;:[]},&quot;_transform_translateX_effect_hover_tablet&quot;:{&quot;unit&quot;:&quot;px&quot;,&quot;size&quot;:&quot;&quot;,&quot;sizes&quot;:[]},&quot;_transform_translateX_effect_hover_mobile&quot;:{&quot;unit&quot;:&quot;px&quot;,&quot;size&quot;:&quot;&quot;,&quot;sizes&quot;:[]},&quot;_transform_translateY_effect_hover_tablet&quot;:{&quot;unit&quot;:&quot;px&quot;,&quot;size&quot;:&quot;&quot;,&quot;sizes&quot;:[]},&quot;_transform_translateY_effect_hover_mobile&quot;:{&quot;unit&quot;:&quot;px&quot;,&quot;size&quot;:&quot;&quot;,&quot;sizes&quot;:[]}}\" data-widget_type=\"image.default\">\n\t\t\t\t<div class=\"elementor-widget-container\">\n\t\t\t\t\t\t\t\t\t\t\t\t\t\t\t\t<a href=\"https:\/\/akademiadeyny.pl\/index.php\/kazimierz-deyna\/\">\n\t\t\t\t\t\t\t<img loading=\"lazy\" decoding=\"async\" width=\"328\" height=\"468\" src=\"https:\/\/apdeyna.pl\/wp-content\/uploads\/2023\/01\/deyna.jpg\" class=\"attachment-large size-large wp-image-367\" alt=\"\" srcset=\"https:\/\/apdeyna.pl\/wp-content\/uploads\/2023\/01\/deyna.jpg 328w, https:\/\/apdeyna.pl\/wp-content\/uploads\/2023\/01\/deyna-210x300.jpg 210w, https:\/\/apdeyna.pl\/wp-content\/uploads\/2023\/01\/deyna-8x12.jpg 8w\" sizes=\"(max-width: 328px) 100vw, 328px\" \/>\t\t\t\t\t\t\t\t<\/a>\n\t\t\t\t\t\t\t\t\t\t\t\t\t\t\t<\/div>\n\t\t\t\t<\/div>\n\t\t\t\t\t<\/div>\n\t\t<\/div>\n\t\t\t\t\t<\/div>\n\t\t<\/section>\n\t\t\t\t<\/div>","protected":false},"excerpt":{"rendered":"","protected":false},"author":1,"featured_media":0,"parent":0,"menu_order":0,"comment_status":"closed","ping_status":"closed","template":"elementor_theme","meta":{"footnotes":""},"class_list":["post-17","page","type-page","status-publish","hentry"],"yoast_head":"<!-- This site is optimized with the Yoast SEO plugin v27.4 - https:\/\/yoast.com\/product\/yoast-seo-wordpress\/ -->\n<title>Strona g\u0142\u00f3wna - AP Deyna<\/title>\n<meta name=\"description\" content=\"Akademia Pi\u0142karska Deyny \u26bd Profesjonalne treningi dla dzieci i m\u0142odzie\u017cy \u26bd Rozwijaj talent z legend\u0105 futbolu! \u26bd Do\u0142\u0105cz ju\u017c dzi\u015b!\" \/>\n<meta name=\"robots\" content=\"index, follow, max-snippet:-1, max-image-preview:large, max-video-preview:-1\" \/>\n<link rel=\"canonical\" href=\"https:\/\/apdeyna.pl\/en\/\" \/>\n<meta property=\"og:locale\" content=\"en_US\" \/>\n<meta property=\"og:type\" content=\"article\" \/>\n<meta property=\"og:title\" content=\"Strona g\u0142\u00f3wna - AP Deyna\" \/>\n<meta property=\"og:description\" content=\"Akademia Pi\u0142karska Deyny \u26bd Profesjonalne treningi dla dzieci i m\u0142odzie\u017cy \u26bd Rozwijaj talent z legend\u0105 futbolu! \u26bd Do\u0142\u0105cz ju\u017c dzi\u015b!\" \/>\n<meta property=\"og:url\" content=\"https:\/\/apdeyna.pl\/en\/\" \/>\n<meta property=\"og:site_name\" content=\"AP Deyna\" \/>\n<meta property=\"article:publisher\" content=\"https:\/\/www.facebook.com\/apdeynapl\" \/>\n<meta property=\"article:modified_time\" content=\"2025-08-06T10:25:20+00:00\" \/>\n<meta property=\"og:image\" content=\"http:\/\/akademiadeyny.pl\/wp-content\/uploads\/2023\/01\/kadra-1.jpg\" \/>\n<meta name=\"twitter:card\" content=\"summary_large_image\" \/>\n<meta name=\"twitter:label1\" content=\"Est. reading time\" \/>\n\t<meta name=\"twitter:data1\" content=\"2 minutes\" \/>\n<script type=\"application\/ld+json\" class=\"yoast-schema-graph\">{\"@context\":\"https:\\\/\\\/schema.org\",\"@graph\":[{\"@type\":\"WebPage\",\"@id\":\"https:\\\/\\\/apdeyna.pl\\\/\",\"url\":\"https:\\\/\\\/apdeyna.pl\\\/\",\"name\":\"Strona g\u0142\u00f3wna - AP Deyna\",\"isPartOf\":{\"@id\":\"https:\\\/\\\/apdeyna.pl\\\/#website\"},\"primaryImageOfPage\":{\"@id\":\"https:\\\/\\\/apdeyna.pl\\\/#primaryimage\"},\"image\":{\"@id\":\"https:\\\/\\\/apdeyna.pl\\\/#primaryimage\"},\"thumbnailUrl\":\"http:\\\/\\\/akademiadeyny.pl\\\/wp-content\\\/uploads\\\/2023\\\/01\\\/kadra-1.jpg\",\"datePublished\":\"2021-12-23T13:33:21+00:00\",\"dateModified\":\"2025-08-06T10:25:20+00:00\",\"description\":\"Akademia Pi\u0142karska Deyny \u26bd Profesjonalne treningi dla dzieci i m\u0142odzie\u017cy \u26bd Rozwijaj talent z legend\u0105 futbolu! \u26bd Do\u0142\u0105cz ju\u017c dzi\u015b!\",\"breadcrumb\":{\"@id\":\"https:\\\/\\\/apdeyna.pl\\\/#breadcrumb\"},\"inLanguage\":\"en-US\",\"potentialAction\":[{\"@type\":\"ReadAction\",\"target\":[\"https:\\\/\\\/apdeyna.pl\\\/\"]}]},{\"@type\":\"ImageObject\",\"inLanguage\":\"en-US\",\"@id\":\"https:\\\/\\\/apdeyna.pl\\\/#primaryimage\",\"url\":\"http:\\\/\\\/akademiadeyny.pl\\\/wp-content\\\/uploads\\\/2023\\\/01\\\/kadra-1.jpg\",\"contentUrl\":\"http:\\\/\\\/akademiadeyny.pl\\\/wp-content\\\/uploads\\\/2023\\\/01\\\/kadra-1.jpg\"},{\"@type\":\"BreadcrumbList\",\"@id\":\"https:\\\/\\\/apdeyna.pl\\\/#breadcrumb\",\"itemListElement\":[{\"@type\":\"ListItem\",\"position\":1,\"name\":\"Strona g\u0142\u00f3wna\",\"item\":\"https:\\\/\\\/apdeyna.pl\\\/\"},{\"@type\":\"ListItem\",\"position\":2,\"name\":\"Strona g\u0142\u00f3wna\"}]},{\"@type\":\"WebSite\",\"@id\":\"https:\\\/\\\/apdeyna.pl\\\/#website\",\"url\":\"https:\\\/\\\/apdeyna.pl\\\/\",\"name\":\"AP Deyna\",\"description\":\"AKADEMIA PI\u0141KARSKA IM. KAZIMIERZA DEYNY\",\"publisher\":{\"@id\":\"https:\\\/\\\/apdeyna.pl\\\/#organization\"},\"potentialAction\":[{\"@type\":\"SearchAction\",\"target\":{\"@type\":\"EntryPoint\",\"urlTemplate\":\"https:\\\/\\\/apdeyna.pl\\\/?s={search_term_string}\"},\"query-input\":{\"@type\":\"PropertyValueSpecification\",\"valueRequired\":true,\"valueName\":\"search_term_string\"}}],\"inLanguage\":\"en-US\"},{\"@type\":\"Organization\",\"@id\":\"https:\\\/\\\/apdeyna.pl\\\/#organization\",\"name\":\"AP Deyna\",\"url\":\"https:\\\/\\\/apdeyna.pl\\\/\",\"logo\":{\"@type\":\"ImageObject\",\"inLanguage\":\"en-US\",\"@id\":\"https:\\\/\\\/apdeyna.pl\\\/#\\\/schema\\\/logo\\\/image\\\/\",\"url\":\"https:\\\/\\\/apdeyna.pl\\\/wp-content\\\/uploads\\\/2023\\\/06\\\/cropped-favicon_apdeyna.png\",\"contentUrl\":\"https:\\\/\\\/apdeyna.pl\\\/wp-content\\\/uploads\\\/2023\\\/06\\\/cropped-favicon_apdeyna.png\",\"width\":512,\"height\":512,\"caption\":\"AP Deyna\"},\"image\":{\"@id\":\"https:\\\/\\\/apdeyna.pl\\\/#\\\/schema\\\/logo\\\/image\\\/\"},\"sameAs\":[\"https:\\\/\\\/www.facebook.com\\\/apdeynapl\",\"https:\\\/\\\/www.youtube.com\\\/@APDeyna\"]}]}<\/script>\n<!-- \/ Yoast SEO plugin. -->","yoast_head_json":{"title":"Strona g\u0142\u00f3wna - AP Deyna","description":"Akademia Pi\u0142karska Deyny \u26bd Profesjonalne treningi dla dzieci i m\u0142odzie\u017cy \u26bd Rozwijaj talent z legend\u0105 futbolu! \u26bd Do\u0142\u0105cz ju\u017c dzi\u015b!","robots":{"index":"index","follow":"follow","max-snippet":"max-snippet:-1","max-image-preview":"max-image-preview:large","max-video-preview":"max-video-preview:-1"},"canonical":"https:\/\/apdeyna.pl\/en\/","og_locale":"en_US","og_type":"article","og_title":"Strona g\u0142\u00f3wna - AP Deyna","og_description":"Akademia Pi\u0142karska Deyny \u26bd Profesjonalne treningi dla dzieci i m\u0142odzie\u017cy \u26bd Rozwijaj talent z legend\u0105 futbolu! \u26bd Do\u0142\u0105cz ju\u017c dzi\u015b!","og_url":"https:\/\/apdeyna.pl\/en\/","og_site_name":"AP Deyna","article_publisher":"https:\/\/www.facebook.com\/apdeynapl","article_modified_time":"2025-08-06T10:25:20+00:00","og_image":[{"url":"http:\/\/akademiadeyny.pl\/wp-content\/uploads\/2023\/01\/kadra-1.jpg","type":"","width":"","height":""}],"twitter_card":"summary_large_image","twitter_misc":{"Est. reading time":"2 minutes"},"schema":{"@context":"https:\/\/schema.org","@graph":[{"@type":"WebPage","@id":"https:\/\/apdeyna.pl\/","url":"https:\/\/apdeyna.pl\/","name":"Strona g\u0142\u00f3wna - AP Deyna","isPartOf":{"@id":"https:\/\/apdeyna.pl\/#website"},"primaryImageOfPage":{"@id":"https:\/\/apdeyna.pl\/#primaryimage"},"image":{"@id":"https:\/\/apdeyna.pl\/#primaryimage"},"thumbnailUrl":"http:\/\/akademiadeyny.pl\/wp-content\/uploads\/2023\/01\/kadra-1.jpg","datePublished":"2021-12-23T13:33:21+00:00","dateModified":"2025-08-06T10:25:20+00:00","description":"Akademia Pi\u0142karska Deyny \u26bd Profesjonalne treningi dla dzieci i m\u0142odzie\u017cy \u26bd Rozwijaj talent z legend\u0105 futbolu! \u26bd Do\u0142\u0105cz ju\u017c dzi\u015b!","breadcrumb":{"@id":"https:\/\/apdeyna.pl\/#breadcrumb"},"inLanguage":"en-US","potentialAction":[{"@type":"ReadAction","target":["https:\/\/apdeyna.pl\/"]}]},{"@type":"ImageObject","inLanguage":"en-US","@id":"https:\/\/apdeyna.pl\/#primaryimage","url":"http:\/\/akademiadeyny.pl\/wp-content\/uploads\/2023\/01\/kadra-1.jpg","contentUrl":"http:\/\/akademiadeyny.pl\/wp-content\/uploads\/2023\/01\/kadra-1.jpg"},{"@type":"BreadcrumbList","@id":"https:\/\/apdeyna.pl\/#breadcrumb","itemListElement":[{"@type":"ListItem","position":1,"name":"Strona g\u0142\u00f3wna","item":"https:\/\/apdeyna.pl\/"},{"@type":"ListItem","position":2,"name":"Strona g\u0142\u00f3wna"}]},{"@type":"WebSite","@id":"https:\/\/apdeyna.pl\/#website","url":"https:\/\/apdeyna.pl\/","name":"AP Deyna","description":"AKADEMIA PI\u0141KARSKA IM. KAZIMIERZA DEYNY","publisher":{"@id":"https:\/\/apdeyna.pl\/#organization"},"potentialAction":[{"@type":"SearchAction","target":{"@type":"EntryPoint","urlTemplate":"https:\/\/apdeyna.pl\/?s={search_term_string}"},"query-input":{"@type":"PropertyValueSpecification","valueRequired":true,"valueName":"search_term_string"}}],"inLanguage":"en-US"},{"@type":"Organization","@id":"https:\/\/apdeyna.pl\/#organization","name":"AP Deyna","url":"https:\/\/apdeyna.pl\/","logo":{"@type":"ImageObject","inLanguage":"en-US","@id":"https:\/\/apdeyna.pl\/#\/schema\/logo\/image\/","url":"https:\/\/apdeyna.pl\/wp-content\/uploads\/2023\/06\/cropped-favicon_apdeyna.png","contentUrl":"https:\/\/apdeyna.pl\/wp-content\/uploads\/2023\/06\/cropped-favicon_apdeyna.png","width":512,"height":512,"caption":"AP Deyna"},"image":{"@id":"https:\/\/apdeyna.pl\/#\/schema\/logo\/image\/"},"sameAs":["https:\/\/www.facebook.com\/apdeynapl","https:\/\/www.youtube.com\/@APDeyna"]}]}},"_links":{"self":[{"href":"https:\/\/apdeyna.pl\/en\/wp-json\/wp\/v2\/pages\/17","targetHints":{"allow":["GET"]}}],"collection":[{"href":"https:\/\/apdeyna.pl\/en\/wp-json\/wp\/v2\/pages"}],"about":[{"href":"https:\/\/apdeyna.pl\/en\/wp-json\/wp\/v2\/types\/page"}],"author":[{"embeddable":true,"href":"https:\/\/apdeyna.pl\/en\/wp-json\/wp\/v2\/users\/1"}],"replies":[{"embeddable":true,"href":"https:\/\/apdeyna.pl\/en\/wp-json\/wp\/v2\/comments?post=17"}],"version-history":[{"count":0,"href":"https:\/\/apdeyna.pl\/en\/wp-json\/wp\/v2\/pages\/17\/revisions"}],"wp:attachment":[{"href":"https:\/\/apdeyna.pl\/en\/wp-json\/wp\/v2\/media?parent=17"}],"curies":[{"name":"wp","href":"https:\/\/api.w.org\/{rel}","templated":true}]}}