{"id":177,"date":"2023-01-02T12:19:00","date_gmt":"2023-01-02T11:19:00","guid":{"rendered":"http:\/\/akademiadeyny.pl\/?page_id=177"},"modified":"2023-04-11T12:13:24","modified_gmt":"2023-04-11T10:13:24","slug":"e-deklaracje","status":"publish","type":"page","link":"https:\/\/apdeyna.pl\/en\/zapisy-old\/e-deklaracje\/","title":{"rendered":"e-deklaracje"},"content":{"rendered":"<div data-elementor-type=\"wp-page\" data-elementor-id=\"177\" class=\"elementor elementor-177\" data-elementor-post-type=\"page\">\n\t\t\t\t\t\t<section class=\"elementor-section elementor-top-section elementor-element elementor-element-77f7d5d elementor-section-boxed elementor-section-height-default elementor-section-height-default\" data-id=\"77f7d5d\" data-element_type=\"section\">\n\t\t\t\t\t\t<div class=\"elementor-container elementor-column-gap-default\">\n\t\t\t\t\t<div class=\"elementor-column elementor-col-100 elementor-top-column elementor-element elementor-element-8e0ebc6\" data-id=\"8e0ebc6\" data-element_type=\"column\" data-settings=\"{&quot;background_background&quot;:&quot;classic&quot;}\">\n\t\t\t<div class=\"elementor-widget-wrap elementor-element-populated\">\n\t\t\t\t\t\t<div class=\"elementor-element elementor-element-84eb01b elementor-widget elementor-widget-text-editor\" data-id=\"84eb01b\" data-element_type=\"widget\" data-widget_type=\"text-editor.default\">\n\t\t\t\t<div class=\"elementor-widget-container\">\n\t\t\t\t\t\t\t\t\t<h2>\u00a0<\/h2><h2>E &#8211; deklaracje<\/h2><p>Zawodnik mo\u017ce bra\u0107 udzia\u0142 w zaj\u0119ciach tylko pod warunkiem z\u0142o\u017cenia wype\u0142nionej i podpisanej przez rodzica lub opiekuna prawnego Deklaracji Cz\u0142onkowskiej. Deklaracje do wype\u0142nienia znajdziecie Pa\u0144stwo pod tym linkiem<\/p><p>\u00a0<\/p><p>\u00a0<\/p><p>\u00a0<\/p><p>\u00a0<\/p><p>\u00a0<\/p>\t\t\t\t\t\t\t\t<\/div>\n\t\t\t\t<\/div>\n\t\t\t\t\t<\/div>\n\t\t<\/div>\n\t\t\t\t\t<\/div>\n\t\t<\/section>\n\t\t\t\t<\/div>","protected":false},"excerpt":{"rendered":"<p>&nbsp; E &#8211; deklaracje Zawodnik mo\u017ce bra\u0107 udzia\u0142 w zaj\u0119ciach tylko pod warunkiem z\u0142o\u017cenia wype\u0142nionej i podpisanej przez rodzica lub opiekuna prawnego Deklaracji Cz\u0142onkowskiej. Deklaracje do wype\u0142nienia znajdziecie Pa\u0144stwo pod tym linkiem<\/p>","protected":false},"author":1,"featured_media":0,"parent":76,"menu_order":2,"comment_status":"closed","ping_status":"closed","template":"elementor_theme","meta":{"footnotes":""},"class_list":["post-177","page","type-page","status-publish","hentry"],"yoast_head":"<!-- This site is optimized with the Yoast SEO plugin v27.6 - https:\/\/yoast.com\/product\/yoast-seo-wordpress\/ -->\n<title>e-deklaracje - AP Deyna<\/title>\n<meta name=\"robots\" content=\"index, follow, max-snippet:-1, max-image-preview:large, max-video-preview:-1\" \/>\n<link rel=\"canonical\" href=\"https:\/\/apdeyna.pl\/en\/zapisy-old\/e-deklaracje\/\" \/>\n<meta property=\"og:locale\" content=\"en_US\" \/>\n<meta property=\"og:type\" content=\"article\" \/>\n<meta property=\"og:title\" content=\"e-deklaracje - AP Deyna\" \/>\n<meta property=\"og:description\" content=\"&nbsp; E &#8211; deklaracje Zawodnik mo\u017ce bra\u0107 udzia\u0142 w zaj\u0119ciach tylko pod warunkiem z\u0142o\u017cenia wype\u0142nionej i podpisanej przez rodzica lub opiekuna prawnego Deklaracji Cz\u0142onkowskiej. Deklaracje do wype\u0142nienia znajdziecie Pa\u0144stwo pod tym linkiem\" \/>\n<meta property=\"og:url\" content=\"https:\/\/apdeyna.pl\/en\/zapisy-old\/e-deklaracje\/\" \/>\n<meta property=\"og:site_name\" content=\"AP Deyna\" \/>\n<meta property=\"article:publisher\" content=\"https:\/\/www.facebook.com\/apdeynapl\" \/>\n<meta property=\"article:modified_time\" content=\"2023-04-11T10:13:24+00:00\" \/>\n<meta name=\"twitter:card\" content=\"summary_large_image\" \/>\n<script type=\"application\/ld+json\" class=\"yoast-schema-graph\">{\"@context\":\"https:\\\/\\\/schema.org\",\"@graph\":[{\"@type\":\"WebPage\",\"@id\":\"https:\\\/\\\/apdeyna.pl\\\/zapisy-old\\\/e-deklaracje\\\/\",\"url\":\"https:\\\/\\\/apdeyna.pl\\\/zapisy-old\\\/e-deklaracje\\\/\",\"name\":\"e-deklaracje - AP Deyna\",\"isPartOf\":{\"@id\":\"https:\\\/\\\/apdeyna.pl\\\/#website\"},\"datePublished\":\"2023-01-02T11:19:00+00:00\",\"dateModified\":\"2023-04-11T10:13:24+00:00\",\"breadcrumb\":{\"@id\":\"https:\\\/\\\/apdeyna.pl\\\/zapisy-old\\\/e-deklaracje\\\/#breadcrumb\"},\"inLanguage\":\"en-US\",\"potentialAction\":[{\"@type\":\"ReadAction\",\"target\":[\"https:\\\/\\\/apdeyna.pl\\\/zapisy-old\\\/e-deklaracje\\\/\"]}]},{\"@type\":\"BreadcrumbList\",\"@id\":\"https:\\\/\\\/apdeyna.pl\\\/zapisy-old\\\/e-deklaracje\\\/#breadcrumb\",\"itemListElement\":[{\"@type\":\"ListItem\",\"position\":1,\"name\":\"Strona g\u0142\u00f3wna\",\"item\":\"https:\\\/\\\/apdeyna.pl\\\/\"},{\"@type\":\"ListItem\",\"position\":2,\"name\":\"Zapisy old\",\"item\":\"https:\\\/\\\/apdeyna.pl\\\/zapisy-old\\\/\"},{\"@type\":\"ListItem\",\"position\":3,\"name\":\"e-deklaracje\"}]},{\"@type\":\"WebSite\",\"@id\":\"https:\\\/\\\/apdeyna.pl\\\/#website\",\"url\":\"https:\\\/\\\/apdeyna.pl\\\/\",\"name\":\"AP Deyna\",\"description\":\"AKADEMIA PI\u0141KARSKA IM. KAZIMIERZA DEYNY\",\"publisher\":{\"@id\":\"https:\\\/\\\/apdeyna.pl\\\/#organization\"},\"potentialAction\":[{\"@type\":\"SearchAction\",\"target\":{\"@type\":\"EntryPoint\",\"urlTemplate\":\"https:\\\/\\\/apdeyna.pl\\\/?s={search_term_string}\"},\"query-input\":{\"@type\":\"PropertyValueSpecification\",\"valueRequired\":true,\"valueName\":\"search_term_string\"}}],\"inLanguage\":\"en-US\"},{\"@type\":\"Organization\",\"@id\":\"https:\\\/\\\/apdeyna.pl\\\/#organization\",\"name\":\"AP Deyna\",\"url\":\"https:\\\/\\\/apdeyna.pl\\\/\",\"logo\":{\"@type\":\"ImageObject\",\"inLanguage\":\"en-US\",\"@id\":\"https:\\\/\\\/apdeyna.pl\\\/#\\\/schema\\\/logo\\\/image\\\/\",\"url\":\"https:\\\/\\\/apdeyna.pl\\\/wp-content\\\/uploads\\\/2023\\\/06\\\/cropped-favicon_apdeyna.png\",\"contentUrl\":\"https:\\\/\\\/apdeyna.pl\\\/wp-content\\\/uploads\\\/2023\\\/06\\\/cropped-favicon_apdeyna.png\",\"width\":512,\"height\":512,\"caption\":\"AP Deyna\"},\"image\":{\"@id\":\"https:\\\/\\\/apdeyna.pl\\\/#\\\/schema\\\/logo\\\/image\\\/\"},\"sameAs\":[\"https:\\\/\\\/www.facebook.com\\\/apdeynapl\",\"https:\\\/\\\/www.youtube.com\\\/@APDeyna\"]}]}<\/script>\n<!-- \/ Yoast SEO plugin. -->","yoast_head_json":{"title":"e-deklaracje - AP Deyna","robots":{"index":"index","follow":"follow","max-snippet":"max-snippet:-1","max-image-preview":"max-image-preview:large","max-video-preview":"max-video-preview:-1"},"canonical":"https:\/\/apdeyna.pl\/en\/zapisy-old\/e-deklaracje\/","og_locale":"en_US","og_type":"article","og_title":"e-deklaracje - AP Deyna","og_description":"&nbsp; E &#8211; deklaracje Zawodnik mo\u017ce bra\u0107 udzia\u0142 w zaj\u0119ciach tylko pod warunkiem z\u0142o\u017cenia wype\u0142nionej i podpisanej przez rodzica lub opiekuna prawnego Deklaracji Cz\u0142onkowskiej. Deklaracje do wype\u0142nienia znajdziecie Pa\u0144stwo pod tym linkiem","og_url":"https:\/\/apdeyna.pl\/en\/zapisy-old\/e-deklaracje\/","og_site_name":"AP Deyna","article_publisher":"https:\/\/www.facebook.com\/apdeynapl","article_modified_time":"2023-04-11T10:13:24+00:00","twitter_card":"summary_large_image","schema":{"@context":"https:\/\/schema.org","@graph":[{"@type":"WebPage","@id":"https:\/\/apdeyna.pl\/zapisy-old\/e-deklaracje\/","url":"https:\/\/apdeyna.pl\/zapisy-old\/e-deklaracje\/","name":"e-deklaracje - AP Deyna","isPartOf":{"@id":"https:\/\/apdeyna.pl\/#website"},"datePublished":"2023-01-02T11:19:00+00:00","dateModified":"2023-04-11T10:13:24+00:00","breadcrumb":{"@id":"https:\/\/apdeyna.pl\/zapisy-old\/e-deklaracje\/#breadcrumb"},"inLanguage":"en-US","potentialAction":[{"@type":"ReadAction","target":["https:\/\/apdeyna.pl\/zapisy-old\/e-deklaracje\/"]}]},{"@type":"BreadcrumbList","@id":"https:\/\/apdeyna.pl\/zapisy-old\/e-deklaracje\/#breadcrumb","itemListElement":[{"@type":"ListItem","position":1,"name":"Strona g\u0142\u00f3wna","item":"https:\/\/apdeyna.pl\/"},{"@type":"ListItem","position":2,"name":"Zapisy old","item":"https:\/\/apdeyna.pl\/zapisy-old\/"},{"@type":"ListItem","position":3,"name":"e-deklaracje"}]},{"@type":"WebSite","@id":"https:\/\/apdeyna.pl\/#website","url":"https:\/\/apdeyna.pl\/","name":"AP Deyna","description":"AKADEMIA PI\u0141KARSKA IM. KAZIMIERZA DEYNY","publisher":{"@id":"https:\/\/apdeyna.pl\/#organization"},"potentialAction":[{"@type":"SearchAction","target":{"@type":"EntryPoint","urlTemplate":"https:\/\/apdeyna.pl\/?s={search_term_string}"},"query-input":{"@type":"PropertyValueSpecification","valueRequired":true,"valueName":"search_term_string"}}],"inLanguage":"en-US"},{"@type":"Organization","@id":"https:\/\/apdeyna.pl\/#organization","name":"AP Deyna","url":"https:\/\/apdeyna.pl\/","logo":{"@type":"ImageObject","inLanguage":"en-US","@id":"https:\/\/apdeyna.pl\/#\/schema\/logo\/image\/","url":"https:\/\/apdeyna.pl\/wp-content\/uploads\/2023\/06\/cropped-favicon_apdeyna.png","contentUrl":"https:\/\/apdeyna.pl\/wp-content\/uploads\/2023\/06\/cropped-favicon_apdeyna.png","width":512,"height":512,"caption":"AP Deyna"},"image":{"@id":"https:\/\/apdeyna.pl\/#\/schema\/logo\/image\/"},"sameAs":["https:\/\/www.facebook.com\/apdeynapl","https:\/\/www.youtube.com\/@APDeyna"]}]}},"_links":{"self":[{"href":"https:\/\/apdeyna.pl\/en\/wp-json\/wp\/v2\/pages\/177","targetHints":{"allow":["GET"]}}],"collection":[{"href":"https:\/\/apdeyna.pl\/en\/wp-json\/wp\/v2\/pages"}],"about":[{"href":"https:\/\/apdeyna.pl\/en\/wp-json\/wp\/v2\/types\/page"}],"author":[{"embeddable":true,"href":"https:\/\/apdeyna.pl\/en\/wp-json\/wp\/v2\/users\/1"}],"replies":[{"embeddable":true,"href":"https:\/\/apdeyna.pl\/en\/wp-json\/wp\/v2\/comments?post=177"}],"version-history":[{"count":17,"href":"https:\/\/apdeyna.pl\/en\/wp-json\/wp\/v2\/pages\/177\/revisions"}],"predecessor-version":[{"id":625,"href":"https:\/\/apdeyna.pl\/en\/wp-json\/wp\/v2\/pages\/177\/revisions\/625"}],"up":[{"embeddable":true,"href":"https:\/\/apdeyna.pl\/en\/wp-json\/wp\/v2\/pages\/76"}],"wp:attachment":[{"href":"https:\/\/apdeyna.pl\/en\/wp-json\/wp\/v2\/media?parent=177"}],"curies":[{"name":"wp","href":"https:\/\/api.w.org\/{rel}","templated":true}]}}