{"id":2077,"date":"2025-07-29T11:30:19","date_gmt":"2025-07-29T09:30:19","guid":{"rendered":"https:\/\/apdeyna.pl\/?page_id=2077"},"modified":"2026-03-23T15:07:35","modified_gmt":"2026-03-23T14:07:35","slug":"targowek-3","status":"publish","type":"page","link":"https:\/\/apdeyna.pl\/en\/lokalizacje\/targowek-3\/","title":{"rendered":"Targ\u00f3wek Mieszkaniowy"},"content":{"rendered":"<div data-elementor-type=\"wp-page\" data-elementor-id=\"2077\" class=\"elementor elementor-2077\" data-elementor-post-type=\"page\">\n\t\t\t\t\t\t<section class=\"elementor-section elementor-top-section elementor-element elementor-element-eedd0fd elementor-section-boxed elementor-section-height-default elementor-section-height-default\" data-id=\"eedd0fd\" data-element_type=\"section\">\n\t\t\t\t\t\t<div class=\"elementor-container elementor-column-gap-default\">\n\t\t\t\t\t<div class=\"elementor-column elementor-col-100 elementor-top-column elementor-element elementor-element-5448ec0\" data-id=\"5448ec0\" data-element_type=\"column\">\n\t\t\t<div class=\"elementor-widget-wrap elementor-element-populated\">\n\t\t\t\t\t\t<div class=\"elementor-element elementor-element-39d3cfc new-text-max-width elementor-widget elementor-widget-text-editor\" data-id=\"39d3cfc\" data-element_type=\"widget\" data-widget_type=\"text-editor.default\">\n\t\t\t\t<div class=\"elementor-widget-container\">\n\t\t\t\t\t\t\t\t\t<div><h2><strong><span style=\"color: #008000;\">Nabory na sezon 2025\/2026<\/span><\/strong><\/h2><p>Nasze treningi prowadz\u0105 <strong>licencjonowani trenerzy<\/strong> z do\u015bwiadczeniem w pracy z dzie\u0107mi. To pasjonaci pi\u0142ki no\u017cnej, kt\u00f3rzy potrafi\u0105 po\u0142\u0105czy\u0107 profesjonalizm ze \u015bwietn\u0105 atmosfer\u0105. Trenujemy na <a href=\"https:\/\/apdeyna.pl\/en\/lokalizacje\/\"><strong>nowoczesnych boiskach w kilku lokalizacjach<\/strong><\/a>. Zaj\u0119cia dostosowane s\u0105 do wieku i poziomu zaawansowania dzieci. Zapraszamy dzieci w wieku <strong>od 5 do 15 lat<\/strong>. Grupy tworzymy wed\u0142ug wieku i poziomu umiej\u0119tno\u015bci, aby ka\u017cde dziecko mog\u0142o trenowa\u0107 w odpowiednim dla siebie tempie. Miesi\u0119czna sk\u0142adka wynosi <strong>300 z\u0142<\/strong>. Wpisowe dla nowych cz\u0142onk\u00f3w wynosi <strong>od 199 do 600 z\u0142<\/strong> (cena zale\u017cna od ilo\u015bci i typu stroju jakie otrzymuje dziecko). Ka\u017cde dziecko mo\u017ce wzi\u0105\u0107 udzia\u0142 w <strong>bezp\u0142atnym treningu pr\u00f3bnym<\/strong>, aby przekona\u0107 si\u0119, czy pi\u0142ka no\u017cna to jego pasja. Z darmowego treningu mo\u017cna skorzysta\u0107 od po\u0142owy sierpnia do ko\u0144ca wrze\u015bnia. Stawiamy na <strong>fair play, wsp\u00f3\u0142prac\u0119 i rado\u015b\u0107 z gry<\/strong>. Naszym celem jest nie tylko rozw\u00f3j sportowy, ale te\u017c budowanie pewno\u015bci siebie, przyja\u017ani i pasji do aktywno\u015bci fizycznej. Poza samymi treningami regularnie bierzemy udzia\u0142 w sparingach, turniejach i wydarzeniach pi\u0142karskich. Dzi\u0119ki temu dzieci ucz\u0105 si\u0119 wsp\u00f3\u0142pracy w dru\u017cynie i ciesz\u0105 si\u0119 prawdziw\u0105 pi\u0142karsk\u0105 rywalizacj\u0105. W trakcie wakacji letnich organizujemy r\u00f3wnie\u017c obozy.<\/p><p>Aby zapisa\u0107 dziecko nale\u017cy <a href=\"https:\/\/apdeyny.protrainup.com\/pl\/forms\/888?signature=cde1173bf3da318dd5b14c331728b8ed23711f19e0104a590e45de148990abf2\" target=\"_blank\" rel=\"noopener\"><strong>wype\u0142ni\u0107<\/strong> <strong>formularz<\/strong><\/a> oraz wype\u0142ni\u0107 deklaracj\u0119 cz\u0142onkowsk\u0105.<\/p><\/div>\t\t\t\t\t\t\t\t<\/div>\n\t\t\t\t<\/div>\n\t\t\t\t<div class=\"elementor-element elementor-element-cd1e9f8 elementor-widget elementor-widget-heading\" data-id=\"cd1e9f8\" data-element_type=\"widget\" data-widget_type=\"heading.default\">\n\t\t\t\t<div class=\"elementor-widget-container\">\n\t\t\t\t\t<h1 class=\"elementor-heading-title elementor-size-default\">TARG\u00d3WEK MIESZKANIOWY<\/h1>\t\t\t\t<\/div>\n\t\t\t\t<\/div>\n\t\t\t\t<div class=\"elementor-element elementor-element-e31ebce elementor-widget elementor-widget-accordion\" data-id=\"e31ebce\" data-element_type=\"widget\" data-widget_type=\"accordion.default\">\n\t\t\t\t<div class=\"elementor-widget-container\">\n\t\t\t\t\t\t\t<div class=\"elementor-accordion\">\n\t\t\t\t\t\t\t<div class=\"elementor-accordion-item\">\n\t\t\t\t\t<div id=\"elementor-tab-title-2381\" class=\"elementor-tab-title\" data-tab=\"1\" role=\"button\" aria-controls=\"elementor-tab-content-2381\" aria-expanded=\"false\">\n\t\t\t\t\t\t\t\t\t\t\t\t\t<span class=\"elementor-accordion-icon elementor-accordion-icon-left\" aria-hidden=\"true\">\n\t\t\t\t\t\t\t\t\t\t\t\t\t\t\t<span class=\"elementor-accordion-icon-closed\"><i class=\"fas fa-plus\"><\/i><\/span>\n\t\t\t\t\t\t\t\t<span class=\"elementor-accordion-icon-opened\"><i class=\"fas fa-minus\"><\/i><\/span>\n\t\t\t\t\t\t\t\t\t\t\t\t\t\t<\/span>\n\t\t\t\t\t\t\t\t\t\t\t\t<a class=\"elementor-accordion-title\" tabindex=\"0\">Harmonogram Rocznika 2018-2020 ,dzieci trenuj\u0105cych pi\u0142k\u0119 no\u017cn\u0105 na Targ\u00f3wku, ul.Remiszewska 40<\/a>\n\t\t\t\t\t<\/div>\n\t\t\t\t\t<div id=\"elementor-tab-content-2381\" class=\"elementor-tab-content elementor-clearfix\" data-tab=\"1\" role=\"region\" aria-labelledby=\"elementor-tab-title-2381\"><h2><span style=\"color: #339966;\"><strong>Grupa TR19 \u2013&nbsp; Roczniki 2018-2020- Trenerzy&nbsp; UEFA S\u0142awomir Kope\u0107 i Tomasz Padamczyk<\/strong><\/span><\/h2><h2><p style=\"font-family: Roboto, sans-serif; font-size: 16px;\"><span style=\"font-weight: bolder;\">Harmonogram Okres Wiosenny (kwiecie\u0144 &#8211; czerwiec 2026)<\/span><\/p><p style=\"font-family: Roboto, sans-serif; font-size: 16px;\">Wtorek: godz. 17:00&nbsp; \u2013 boisko szkolne ul. Remiszewska 40<\/p><p style=\"font-family: Roboto, sans-serif; font-size: 16px;\">Czwartek: godz. 18:00&nbsp; \u2013 boisko szkolne ul. Remiszewska 40<\/p><\/h2><h2><span style=\"font-weight: bold; font-family: Roboto, sans-serif; font-size: 1rem;\">Harmonogram Okres Zima (listopad 2025 \u2013 marzec 2026)<\/span><\/h2>\n<p>Wtorek: godz. 17:00&nbsp; \u2013 boisko szkolne pod balonem ul. Remiszewska 40<\/p>\n<p><span style=\"font-size: 1rem;\">Czwartek: godz. 18:00&nbsp; \u2013 boisko szkolne ul. Remiszewska 40<\/span><\/p>\n<div><br><\/div><\/div>\n\t\t\t\t<\/div>\n\t\t\t\t\t\t\t<div class=\"elementor-accordion-item\">\n\t\t\t\t\t<div id=\"elementor-tab-title-2382\" class=\"elementor-tab-title\" data-tab=\"2\" role=\"button\" aria-controls=\"elementor-tab-content-2382\" aria-expanded=\"false\">\n\t\t\t\t\t\t\t\t\t\t\t\t\t<span class=\"elementor-accordion-icon elementor-accordion-icon-left\" aria-hidden=\"true\">\n\t\t\t\t\t\t\t\t\t\t\t\t\t\t\t<span class=\"elementor-accordion-icon-closed\"><i class=\"fas fa-plus\"><\/i><\/span>\n\t\t\t\t\t\t\t\t<span class=\"elementor-accordion-icon-opened\"><i class=\"fas fa-minus\"><\/i><\/span>\n\t\t\t\t\t\t\t\t\t\t\t\t\t\t<\/span>\n\t\t\t\t\t\t\t\t\t\t\t\t<a class=\"elementor-accordion-title\" tabindex=\"0\">Harmonogram Roczniki 2017-2018, dzieci trenuj\u0105cych pi\u0142k\u0119 no\u017cn\u0105 na Targ\u00f3wku, ul. Remiszewska 40<\/a>\n\t\t\t\t\t<\/div>\n\t\t\t\t\t<div id=\"elementor-tab-content-2382\" class=\"elementor-tab-content elementor-clearfix\" data-tab=\"2\" role=\"region\" aria-labelledby=\"elementor-tab-title-2382\"><h2><span style=\"color: #339966;\"><strong>Grupa TR17 \u2013 Roczniki 2016-2017 \u2013 Trener UEFA Tomasz Padamczyk<\/strong><\/span><\/h2>\n<p><span style=\"font-weight: bolder;\">Harmonogram Okres Wiosenny (kwiecie\u0144 &#8211; czerwiec 2026)<\/span><\/p><p>Poniedzia\u0142ek: godz. 17:00 \u2013 boisko szkolne przy SP 114, ul. Remiszewska 40<\/p><p>\u015aroda: godz. 17:00 \u2013 boisko szkolne przy SP 114, ul. Remiszewska 40<\/p><p>Czwartek: godz. 16:45 \u2013 boisko szkolne&nbsp; przy SP 114, ul. Remiszewska 40<\/p><p><span style=\"font-weight: bold;\">Harmonogram Okres Zima (listopad 2025 \u2013 marzec 2026)<\/span><\/p>\n<p>Poniedzia\u0142ek: godz. 17:00 \u2013 boisko szkolne pod balonem przy SP 114, ul. Remiszewska 40<\/p>\n<p>\u015aroda: godz. 17:00 \u2013 boisko szkolne&nbsp;<span style=\"font-size: 1rem;\">pod balonem&nbsp;<\/span><span style=\"font-size: 1rem;\">przy SP 114, ul. Remiszewska 40<\/span><\/p>\n<p>Czwartek: godz. 16:45 \u2013 boisko szkolne&nbsp;<span style=\"font-size: 1rem;\">pod balonem<\/span><span style=\"font-size: 1rem;\">&nbsp;przy SP 114, ul. Remiszewska 40&nbsp;<\/span><span style=\"font-size: 1rem;\">&nbsp;<\/span><\/p><\/div>\n\t\t\t\t<\/div>\n\t\t\t\t\t\t\t<div class=\"elementor-accordion-item\">\n\t\t\t\t\t<div id=\"elementor-tab-title-2383\" class=\"elementor-tab-title\" data-tab=\"3\" role=\"button\" aria-controls=\"elementor-tab-content-2383\" aria-expanded=\"false\">\n\t\t\t\t\t\t\t\t\t\t\t\t\t<span class=\"elementor-accordion-icon elementor-accordion-icon-left\" aria-hidden=\"true\">\n\t\t\t\t\t\t\t\t\t\t\t\t\t\t\t<span class=\"elementor-accordion-icon-closed\"><i class=\"fas fa-plus\"><\/i><\/span>\n\t\t\t\t\t\t\t\t<span class=\"elementor-accordion-icon-opened\"><i class=\"fas fa-minus\"><\/i><\/span>\n\t\t\t\t\t\t\t\t\t\t\t\t\t\t<\/span>\n\t\t\t\t\t\t\t\t\t\t\t\t<a class=\"elementor-accordion-title\" tabindex=\"0\">Harmonogram Rocznika 2015, dzieci trenuj\u0105cych pi\u0142k\u0119 no\u017cn\u0105 na Targ\u00f3wku, ul. Remiszewska 40<\/a>\n\t\t\t\t\t<\/div>\n\t\t\t\t\t<div id=\"elementor-tab-content-2383\" class=\"elementor-tab-content elementor-clearfix\" data-tab=\"3\" role=\"region\" aria-labelledby=\"elementor-tab-title-2383\"><h2><span style=\"color: #339966;\"><strong>Grupa TR15 \u2013 Rocznik 2015-2016 \u2013 Trener UEFA S\u0142awomir Kope\u0107 i Tomasz Padamczyk<\/strong><\/span><\/h2><p><span style=\"font-weight: bold; font-size: 1rem;\">Harmonogram Okres Zima (listopad 2025 \u2013 marzec 2026)<\/span><\/p><p>Poniedzia\u0142ek: godz. 18:15 \u2013 boisko szkolne pod balonem przy SP 114, ul. Remiszewska 40\u00a0<\/p><p>\u015aroda: godz. 18:15 \u2013 boisko szkolne pod balonem przy SP 114, ul. Remiszewska 40\u00a0<\/p><p>Czwartek: godz. 19:00 \u2013 boisko szkolne pod balonem przy SP 114, ul. Remiszewska 40\u00a0<\/p><p><strong>Harmonogram Okres Jesie\u0144 (wrzesie\u0144 \u2013 pa\u017adziernik)<\/strong><\/p><p>Poniedzia\u0142ek: godz. 18:15 \u2013 boisko szkolne\u00a0 przy SP 114, ul. Remiszewska 40\u00a0<\/p><p>\u015aroda: godz. 18:15 \u2013 boisko szkolne przy SP 114, ul. Remiszewska 40\u00a0<\/p><p>Czwartek: godz. 19:00 \u2013 boisko szkolne przy SP 114, ul. Remiszewska 40\u00a0<\/p><\/div>\n\t\t\t\t<\/div>\n\t\t\t\t\t\t\t<div class=\"elementor-accordion-item\">\n\t\t\t\t\t<div id=\"elementor-tab-title-2384\" class=\"elementor-tab-title\" data-tab=\"4\" role=\"button\" aria-controls=\"elementor-tab-content-2384\" aria-expanded=\"false\">\n\t\t\t\t\t\t\t\t\t\t\t\t\t<span class=\"elementor-accordion-icon elementor-accordion-icon-left\" aria-hidden=\"true\">\n\t\t\t\t\t\t\t\t\t\t\t\t\t\t\t<span class=\"elementor-accordion-icon-closed\"><i class=\"fas fa-plus\"><\/i><\/span>\n\t\t\t\t\t\t\t\t<span class=\"elementor-accordion-icon-opened\"><i class=\"fas fa-minus\"><\/i><\/span>\n\t\t\t\t\t\t\t\t\t\t\t\t\t\t<\/span>\n\t\t\t\t\t\t\t\t\t\t\t\t<a class=\"elementor-accordion-title\" tabindex=\"0\">Harmonogram Rocznika 2014, dzieci trenuj\u0105cych pi\u0142k\u0119 no\u017cn\u0105 na Targ\u00f3wku, ul. Remiszewska 40<\/a>\n\t\t\t\t\t<\/div>\n\t\t\t\t\t<div id=\"elementor-tab-content-2384\" class=\"elementor-tab-content elementor-clearfix\" data-tab=\"4\" role=\"region\" aria-labelledby=\"elementor-tab-title-2384\"><h2><span style=\"color: #339966;\"><strong>Grupa TR14 \u2013 Rocznik 2014 \u2013 Trenerzy UEFA Krzysztof Protazy, Mateusz Do\u0142\u0119ga<\/strong><\/span><\/h2>\n<p><span style=\"font-weight: bolder;\">Harmonogram Okres Wiosenny (kwiecie\u0144 &#8211; czerwiec 2026)<\/span><\/p><p>Wtorek: godz. 16:30 &#8211;&nbsp; boisko ul. Ko\u0142owa 24<\/p><p>Czwartek: godz. 17:00 \u2013 boisko orlik przy SP 114, ul. Remiszewska 40&nbsp;<\/p><p>Pi\u0105tek: godz. 17:00 \u2013 boisko szkolne&nbsp; przy SP 114, ul. Remiszewska 40&nbsp;<\/p><p><span style=\"font-weight: bold; font-size: 1rem;\">Harmonogram Okres Zima (listopad 2025 \u2013 marzec 2026)<\/span><\/p>\n<p>Poniedzia\u0142ek: 16:30 &#8211; boisko ul. Ko\u0142owa 24<\/p>\n<p>Wtorek: godz. 17:00-&nbsp; boisko orlik pod balonem&nbsp; przy SP 114, ul. Remiszewska 40&nbsp;<\/p>\n<p>Czwartek: godz. 17:00 \u2013 boisko orlik pod balonem przy SP 114, ul. Remiszewska 40&nbsp;<\/p>\n<p><br><\/p><\/div>\n\t\t\t\t<\/div>\n\t\t\t\t\t\t\t<div class=\"elementor-accordion-item\">\n\t\t\t\t\t<div id=\"elementor-tab-title-2385\" class=\"elementor-tab-title\" data-tab=\"5\" role=\"button\" aria-controls=\"elementor-tab-content-2385\" aria-expanded=\"false\">\n\t\t\t\t\t\t\t\t\t\t\t\t\t<span class=\"elementor-accordion-icon elementor-accordion-icon-left\" aria-hidden=\"true\">\n\t\t\t\t\t\t\t\t\t\t\t\t\t\t\t<span class=\"elementor-accordion-icon-closed\"><i class=\"fas fa-plus\"><\/i><\/span>\n\t\t\t\t\t\t\t\t<span class=\"elementor-accordion-icon-opened\"><i class=\"fas fa-minus\"><\/i><\/span>\n\t\t\t\t\t\t\t\t\t\t\t\t\t\t<\/span>\n\t\t\t\t\t\t\t\t\t\t\t\t<a class=\"elementor-accordion-title\" tabindex=\"0\">Harmonogram Rocznika 2012-2013, dzieci trenuj\u0105cych pi\u0142k\u0119 no\u017cn\u0105 na Targ\u00f3wku, ul. Remiszewska 40<\/a>\n\t\t\t\t\t<\/div>\n\t\t\t\t\t<div id=\"elementor-tab-content-2385\" class=\"elementor-tab-content elementor-clearfix\" data-tab=\"5\" role=\"region\" aria-labelledby=\"elementor-tab-title-2385\"><h2><span style=\"color: #339966;\"><strong>Grupa TR13 \u2013 Rocznik 2012-2013- Trenerzy UEFA Krzysztof Protazy, Mateusz Do\u0142\u0119ga<\/strong><\/span>&nbsp;<\/h2>\n<p><span style=\"font-weight: bold; font-size: 1rem;\">Harmonogram Okres Wiosenny (kwiecie\u0144 &#8211; czerwiec 2026)<\/span><\/p>\n<p>Poniedzia\u0142ek: godz. 18:00 &#8211; boisko ul. Ko\u0142owa 24<\/p>\n<p>Wtorek: godz. 18:30 \u2013 boisko orlik przy SP 114, ul. Remiszewska 40&nbsp;<\/p>\n<p>Czwartek: godz. 18:30 \u2013 boisko orlik przy SP 114, ul. Remiszewska 40&nbsp;<\/p>\n<p><strong>Harmonogram Okres Jesie\u0144 (wrzesie\u0144 \u2013 pa\u017adziernik)<\/strong><\/p>\n<p>Wtorek: godz. 18:30 \u2013 boisko orlik przy SP 114, ul. Remiszewska 40&nbsp;<\/p>\n<p>Czwartek: godz. 18:30 \u2013 boisko orlik przy SP 114, ul. Remiszewska 40&nbsp;<\/p>\n<p>Pi\u0105tek: godz. 18:30 \u2013 boisko szkolne przy SP 114, ul. Remiszewska 40&nbsp;<\/p><\/div>\n\t\t\t\t<\/div>\n\t\t\t\t\t\t\t<div class=\"elementor-accordion-item\">\n\t\t\t\t\t<div id=\"elementor-tab-title-2386\" class=\"elementor-tab-title\" data-tab=\"6\" role=\"button\" aria-controls=\"elementor-tab-content-2386\" aria-expanded=\"false\">\n\t\t\t\t\t\t\t\t\t\t\t\t\t<span class=\"elementor-accordion-icon elementor-accordion-icon-left\" aria-hidden=\"true\">\n\t\t\t\t\t\t\t\t\t\t\t\t\t\t\t<span class=\"elementor-accordion-icon-closed\"><i class=\"fas fa-plus\"><\/i><\/span>\n\t\t\t\t\t\t\t\t<span class=\"elementor-accordion-icon-opened\"><i class=\"fas fa-minus\"><\/i><\/span>\n\t\t\t\t\t\t\t\t\t\t\t\t\t\t<\/span>\n\t\t\t\t\t\t\t\t\t\t\t\t<a class=\"elementor-accordion-title\" tabindex=\"0\">Harmonogram Roczniki 2010- Rezprezentacja, dzieci trenuj\u0105cych pi\u0142k\u0119 no\u017cn\u0105 na Targ\u00f3wku, ul. Krakusa 2,al.Jerzego Waszyngtona 52\/58<\/a>\n\t\t\t\t\t<\/div>\n\t\t\t\t\t<div id=\"elementor-tab-content-2386\" class=\"elementor-tab-content elementor-clearfix\" data-tab=\"6\" role=\"region\" aria-labelledby=\"elementor-tab-title-2386\"><h2><span style=\"color: #339966;\"><strong>Grupa WW10 \u2013 Reprezentacja \u2013 Roczniki 2010 \u2013 Trener UEFA Dariusz Bajorek<\/strong><\/span><\/h2><p><span style=\"font-weight: bold;\">Harmonogram Okres Zima (listopad 2025 \u2013 marzec 2026)<\/span><\/p><p>Poniedzia\u0142ek: godz. 16:30\u00a0 \u2013 boisko ul. Ko\u0142owa 24<\/p><p>\u015aroda: godz. 18:30\u00a0 \u2013 boisko na B\u0142oniach Kamionkowskich al. Jerzego Waszyngtona 52\/58<\/p><p>Czwartek: godz. 18:30\u00a0 \u2013 boisko ul. Osowska 81<\/p><p>Pi\u0105tek: godz. 19:30 &#8211; boisko ul. Ko\u0142owa 24<\/p><p><strong>Harmonogram Okres Jesie\u0144 (wrzesie\u0144 \u2013 pa\u017adziernik)<\/strong><\/p><p>Poniedzia\u0142ek: godz. 18:00\u00a0 \u2013 boisko ul. Krakusa 2<\/p><p>\u015aroda: godz. 18:30\u00a0 \u2013 boisko na B\u0142oniach Kamionkowskich al. Jerzego Waszyngtona 52\/58<\/p><p>Czwartek: godz. 18:30\u00a0 \u2013 boisko ul. Osowska 81<\/p><div>\u00a0<\/div><\/div>\n\t\t\t\t<\/div>\n\t\t\t\t\t\t\t\t<\/div>\n\t\t\t\t\t\t<\/div>\n\t\t\t\t<\/div>\n\t\t\t\t\t<\/div>\n\t\t<\/div>\n\t\t\t\t\t<\/div>\n\t\t<\/section>\n\t\t\t\t<\/div>","protected":false},"excerpt":{"rendered":"<p>Nabory na sezon 2025\/2026 Nasze treningi prowadz\u0105 licencjonowani trenerzy z do\u015bwiadczeniem w pracy z dzie\u0107mi. To pasjonaci pi\u0142ki no\u017cnej, kt\u00f3rzy potrafi\u0105 po\u0142\u0105czy\u0107 profesjonalizm ze \u015bwietn\u0105 atmosfer\u0105. Trenujemy na nowoczesnych boiskach w kilku lokalizacjach. Zaj\u0119cia dostosowane s\u0105 do wieku i poziomu zaawansowania dzieci. Zapraszamy dzieci w wieku od 5 do 15 lat. Grupy tworzymy wed\u0142ug wieku [&hellip;]<\/p>","protected":false},"author":1,"featured_media":0,"parent":72,"menu_order":0,"comment_status":"closed","ping_status":"closed","template":"elementor_theme","meta":{"footnotes":""},"class_list":["post-2077","page","type-page","status-publish","hentry"],"yoast_head":"<!-- This site is optimized with the Yoast SEO plugin v27.4 - https:\/\/yoast.com\/product\/yoast-seo-wordpress\/ -->\n<title>Targ\u00f3wek treningi - AP Deyna<\/title>\n<meta name=\"description\" content=\"\u26bdTrenuj pi\u0142k\u0119 na Targ\u00f3wku! Sprawd\u017a harmonogram trening\u00f3w AP Deyna, zobacz, kiedy i gdzie odbywaj\u0105 si\u0119 zaj\u0119cia dla Twojej grupy wiekowej. \u26bd\u26bd\" \/>\n<meta name=\"robots\" content=\"index, follow, max-snippet:-1, max-image-preview:large, max-video-preview:-1\" \/>\n<link rel=\"canonical\" href=\"https:\/\/apdeyna.pl\/en\/lokalizacje\/targowek-3\/\" \/>\n<meta property=\"og:locale\" content=\"en_US\" \/>\n<meta property=\"og:type\" content=\"article\" \/>\n<meta property=\"og:title\" content=\"Targ\u00f3wek treningi - AP Deyna\" \/>\n<meta property=\"og:description\" content=\"\u26bdTrenuj pi\u0142k\u0119 na Targ\u00f3wku! Sprawd\u017a harmonogram trening\u00f3w AP Deyna, zobacz, kiedy i gdzie odbywaj\u0105 si\u0119 zaj\u0119cia dla Twojej grupy wiekowej. \u26bd\u26bd\" \/>\n<meta property=\"og:url\" content=\"https:\/\/apdeyna.pl\/en\/lokalizacje\/targowek-3\/\" \/>\n<meta property=\"og:site_name\" content=\"AP Deyna\" \/>\n<meta property=\"article:publisher\" content=\"https:\/\/www.facebook.com\/apdeynapl\" \/>\n<meta property=\"article:modified_time\" content=\"2026-03-23T14:07:35+00:00\" \/>\n<meta name=\"twitter:card\" content=\"summary_large_image\" \/>\n<meta name=\"twitter:label1\" content=\"Est. reading time\" \/>\n\t<meta name=\"twitter:data1\" content=\"5 minutes\" \/>\n<script type=\"application\/ld+json\" class=\"yoast-schema-graph\">{\"@context\":\"https:\\\/\\\/schema.org\",\"@graph\":[{\"@type\":\"WebPage\",\"@id\":\"https:\\\/\\\/apdeyna.pl\\\/lokalizacje\\\/targowek-3\\\/\",\"url\":\"https:\\\/\\\/apdeyna.pl\\\/lokalizacje\\\/targowek-3\\\/\",\"name\":\"Targ\u00f3wek treningi - AP Deyna\",\"isPartOf\":{\"@id\":\"https:\\\/\\\/apdeyna.pl\\\/#website\"},\"datePublished\":\"2025-07-29T09:30:19+00:00\",\"dateModified\":\"2026-03-23T14:07:35+00:00\",\"description\":\"\u26bdTrenuj pi\u0142k\u0119 na Targ\u00f3wku! Sprawd\u017a harmonogram trening\u00f3w AP Deyna, zobacz, kiedy i gdzie odbywaj\u0105 si\u0119 zaj\u0119cia dla Twojej grupy wiekowej. \u26bd\u26bd\",\"breadcrumb\":{\"@id\":\"https:\\\/\\\/apdeyna.pl\\\/lokalizacje\\\/targowek-3\\\/#breadcrumb\"},\"inLanguage\":\"en-US\",\"potentialAction\":[{\"@type\":\"ReadAction\",\"target\":[\"https:\\\/\\\/apdeyna.pl\\\/lokalizacje\\\/targowek-3\\\/\"]}]},{\"@type\":\"BreadcrumbList\",\"@id\":\"https:\\\/\\\/apdeyna.pl\\\/lokalizacje\\\/targowek-3\\\/#breadcrumb\",\"itemListElement\":[{\"@type\":\"ListItem\",\"position\":1,\"name\":\"Strona g\u0142\u00f3wna\",\"item\":\"https:\\\/\\\/apdeyna.pl\\\/\"},{\"@type\":\"ListItem\",\"position\":2,\"name\":\"Lokalizacje\",\"item\":\"https:\\\/\\\/apdeyna.pl\\\/lokalizacje\\\/\"},{\"@type\":\"ListItem\",\"position\":3,\"name\":\"Targ\u00f3wek Mieszkaniowy\"}]},{\"@type\":\"WebSite\",\"@id\":\"https:\\\/\\\/apdeyna.pl\\\/#website\",\"url\":\"https:\\\/\\\/apdeyna.pl\\\/\",\"name\":\"AP Deyna\",\"description\":\"AKADEMIA PI\u0141KARSKA IM. KAZIMIERZA DEYNY\",\"publisher\":{\"@id\":\"https:\\\/\\\/apdeyna.pl\\\/#organization\"},\"potentialAction\":[{\"@type\":\"SearchAction\",\"target\":{\"@type\":\"EntryPoint\",\"urlTemplate\":\"https:\\\/\\\/apdeyna.pl\\\/?s={search_term_string}\"},\"query-input\":{\"@type\":\"PropertyValueSpecification\",\"valueRequired\":true,\"valueName\":\"search_term_string\"}}],\"inLanguage\":\"en-US\"},{\"@type\":\"Organization\",\"@id\":\"https:\\\/\\\/apdeyna.pl\\\/#organization\",\"name\":\"AP Deyna\",\"url\":\"https:\\\/\\\/apdeyna.pl\\\/\",\"logo\":{\"@type\":\"ImageObject\",\"inLanguage\":\"en-US\",\"@id\":\"https:\\\/\\\/apdeyna.pl\\\/#\\\/schema\\\/logo\\\/image\\\/\",\"url\":\"https:\\\/\\\/apdeyna.pl\\\/wp-content\\\/uploads\\\/2023\\\/06\\\/cropped-favicon_apdeyna.png\",\"contentUrl\":\"https:\\\/\\\/apdeyna.pl\\\/wp-content\\\/uploads\\\/2023\\\/06\\\/cropped-favicon_apdeyna.png\",\"width\":512,\"height\":512,\"caption\":\"AP Deyna\"},\"image\":{\"@id\":\"https:\\\/\\\/apdeyna.pl\\\/#\\\/schema\\\/logo\\\/image\\\/\"},\"sameAs\":[\"https:\\\/\\\/www.facebook.com\\\/apdeynapl\",\"https:\\\/\\\/www.youtube.com\\\/@APDeyna\"]}]}<\/script>\n<!-- \/ Yoast SEO plugin. -->","yoast_head_json":{"title":"Targ\u00f3wek treningi - AP Deyna","description":"\u26bdTrenuj pi\u0142k\u0119 na Targ\u00f3wku! Sprawd\u017a harmonogram trening\u00f3w AP Deyna, zobacz, kiedy i gdzie odbywaj\u0105 si\u0119 zaj\u0119cia dla Twojej grupy wiekowej. \u26bd\u26bd","robots":{"index":"index","follow":"follow","max-snippet":"max-snippet:-1","max-image-preview":"max-image-preview:large","max-video-preview":"max-video-preview:-1"},"canonical":"https:\/\/apdeyna.pl\/en\/lokalizacje\/targowek-3\/","og_locale":"en_US","og_type":"article","og_title":"Targ\u00f3wek treningi - AP Deyna","og_description":"\u26bdTrenuj pi\u0142k\u0119 na Targ\u00f3wku! Sprawd\u017a harmonogram trening\u00f3w AP Deyna, zobacz, kiedy i gdzie odbywaj\u0105 si\u0119 zaj\u0119cia dla Twojej grupy wiekowej. \u26bd\u26bd","og_url":"https:\/\/apdeyna.pl\/en\/lokalizacje\/targowek-3\/","og_site_name":"AP Deyna","article_publisher":"https:\/\/www.facebook.com\/apdeynapl","article_modified_time":"2026-03-23T14:07:35+00:00","twitter_card":"summary_large_image","twitter_misc":{"Est. reading time":"5 minutes"},"schema":{"@context":"https:\/\/schema.org","@graph":[{"@type":"WebPage","@id":"https:\/\/apdeyna.pl\/lokalizacje\/targowek-3\/","url":"https:\/\/apdeyna.pl\/lokalizacje\/targowek-3\/","name":"Targ\u00f3wek treningi - AP Deyna","isPartOf":{"@id":"https:\/\/apdeyna.pl\/#website"},"datePublished":"2025-07-29T09:30:19+00:00","dateModified":"2026-03-23T14:07:35+00:00","description":"\u26bdTrenuj pi\u0142k\u0119 na Targ\u00f3wku! Sprawd\u017a harmonogram trening\u00f3w AP Deyna, zobacz, kiedy i gdzie odbywaj\u0105 si\u0119 zaj\u0119cia dla Twojej grupy wiekowej. \u26bd\u26bd","breadcrumb":{"@id":"https:\/\/apdeyna.pl\/lokalizacje\/targowek-3\/#breadcrumb"},"inLanguage":"en-US","potentialAction":[{"@type":"ReadAction","target":["https:\/\/apdeyna.pl\/lokalizacje\/targowek-3\/"]}]},{"@type":"BreadcrumbList","@id":"https:\/\/apdeyna.pl\/lokalizacje\/targowek-3\/#breadcrumb","itemListElement":[{"@type":"ListItem","position":1,"name":"Strona g\u0142\u00f3wna","item":"https:\/\/apdeyna.pl\/"},{"@type":"ListItem","position":2,"name":"Lokalizacje","item":"https:\/\/apdeyna.pl\/lokalizacje\/"},{"@type":"ListItem","position":3,"name":"Targ\u00f3wek Mieszkaniowy"}]},{"@type":"WebSite","@id":"https:\/\/apdeyna.pl\/#website","url":"https:\/\/apdeyna.pl\/","name":"AP Deyna","description":"AKADEMIA PI\u0141KARSKA IM. KAZIMIERZA DEYNY","publisher":{"@id":"https:\/\/apdeyna.pl\/#organization"},"potentialAction":[{"@type":"SearchAction","target":{"@type":"EntryPoint","urlTemplate":"https:\/\/apdeyna.pl\/?s={search_term_string}"},"query-input":{"@type":"PropertyValueSpecification","valueRequired":true,"valueName":"search_term_string"}}],"inLanguage":"en-US"},{"@type":"Organization","@id":"https:\/\/apdeyna.pl\/#organization","name":"AP Deyna","url":"https:\/\/apdeyna.pl\/","logo":{"@type":"ImageObject","inLanguage":"en-US","@id":"https:\/\/apdeyna.pl\/#\/schema\/logo\/image\/","url":"https:\/\/apdeyna.pl\/wp-content\/uploads\/2023\/06\/cropped-favicon_apdeyna.png","contentUrl":"https:\/\/apdeyna.pl\/wp-content\/uploads\/2023\/06\/cropped-favicon_apdeyna.png","width":512,"height":512,"caption":"AP Deyna"},"image":{"@id":"https:\/\/apdeyna.pl\/#\/schema\/logo\/image\/"},"sameAs":["https:\/\/www.facebook.com\/apdeynapl","https:\/\/www.youtube.com\/@APDeyna"]}]}},"_links":{"self":[{"href":"https:\/\/apdeyna.pl\/en\/wp-json\/wp\/v2\/pages\/2077","targetHints":{"allow":["GET"]}}],"collection":[{"href":"https:\/\/apdeyna.pl\/en\/wp-json\/wp\/v2\/pages"}],"about":[{"href":"https:\/\/apdeyna.pl\/en\/wp-json\/wp\/v2\/types\/page"}],"author":[{"embeddable":true,"href":"https:\/\/apdeyna.pl\/en\/wp-json\/wp\/v2\/users\/1"}],"replies":[{"embeddable":true,"href":"https:\/\/apdeyna.pl\/en\/wp-json\/wp\/v2\/comments?post=2077"}],"version-history":[{"count":0,"href":"https:\/\/apdeyna.pl\/en\/wp-json\/wp\/v2\/pages\/2077\/revisions"}],"up":[{"embeddable":true,"href":"https:\/\/apdeyna.pl\/en\/wp-json\/wp\/v2\/pages\/72"}],"wp:attachment":[{"href":"https:\/\/apdeyna.pl\/en\/wp-json\/wp\/v2\/media?parent=2077"}],"curies":[{"name":"wp","href":"https:\/\/api.w.org\/{rel}","templated":true}]}}