{"id":2818,"date":"2025-08-26T17:08:35","date_gmt":"2025-08-26T15:08:35","guid":{"rendered":"https:\/\/apdeyna.pl\/?page_id=2818"},"modified":"2025-10-06T11:14:19","modified_gmt":"2025-10-06T09:14:19","slug":"zapisy","status":"publish","type":"page","link":"https:\/\/apdeyna.pl\/en\/zapisy\/","title":{"rendered":"Registration"},"content":{"rendered":"<div data-elementor-type=\"wp-page\" data-elementor-id=\"2818\" class=\"elementor elementor-2818\" data-elementor-post-type=\"page\">\n\t\t\t\t\t\t<section class=\"elementor-section elementor-top-section elementor-element elementor-element-a2172df elementor-section-boxed elementor-section-height-default elementor-section-height-default\" data-id=\"a2172df\" data-element_type=\"section\">\n\t\t\t\t\t\t<div class=\"elementor-container elementor-column-gap-default\">\n\t\t\t\t\t<div class=\"elementor-column elementor-col-100 elementor-top-column elementor-element elementor-element-54c9554\" data-id=\"54c9554\" data-element_type=\"column\">\n\t\t\t<div class=\"elementor-widget-wrap elementor-element-populated\">\n\t\t\t\t\t\t<div class=\"elementor-element elementor-element-a68e0de elementor-align-center elementor-widget__width-initial elementor-widget elementor-widget-button\" data-id=\"a68e0de\" data-element_type=\"widget\" data-widget_type=\"button.default\">\n\t\t\t\t<div class=\"elementor-widget-container\">\n\t\t\t\t\t\t\t\t\t<div class=\"elementor-button-wrapper\">\n\t\t\t\t\t<a class=\"elementor-button elementor-button-link elementor-size-sm\" href=\"https:\/\/apdeyny.protrainup.com\/pl\/forms\/888?signature=cde1173bf3da318dd5b14c331728b8ed23711f19e0104a590e45de148990abf2\">\n\t\t\t\t\t\t<span class=\"elementor-button-content-wrapper\">\n\t\t\t\t\t\t\t\t\t<span class=\"elementor-button-text\">CHC\u0118 ZAPISA\u0106 DZIECKO NA ZAJ\u0118CIA ---&gt; E-DEKLARACJA<\/span>\n\t\t\t\t\t<\/span>\n\t\t\t\t\t<\/a>\n\t\t\t\t<\/div>\n\t\t\t\t\t\t\t\t<\/div>\n\t\t\t\t<\/div>\n\t\t\t\t\t<\/div>\n\t\t<\/div>\n\t\t\t\t\t<\/div>\n\t\t<\/section>\n\t\t\t\t<section class=\"elementor-section elementor-top-section elementor-element elementor-element-476f76d elementor-section-boxed elementor-section-height-default elementor-section-height-default\" data-id=\"476f76d\" data-element_type=\"section\">\n\t\t\t\t\t\t<div class=\"elementor-container elementor-column-gap-default\">\n\t\t\t\t\t<div class=\"elementor-column elementor-col-100 elementor-top-column elementor-element elementor-element-2e2290b\" data-id=\"2e2290b\" data-element_type=\"column\">\n\t\t\t<div class=\"elementor-widget-wrap elementor-element-populated\">\n\t\t\t\t\t\t<div class=\"elementor-element elementor-element-6a3cd3e elementor-widget elementor-widget-heading\" data-id=\"6a3cd3e\" data-element_type=\"widget\" data-widget_type=\"heading.default\">\n\t\t\t\t<div class=\"elementor-widget-container\">\n\t\t\t\t\t<h1 class=\"elementor-heading-title elementor-size-default\">Trwaj\u0105 nabory do Akademii Pi\u0142karskiej im. Kazimierza Deyny <\/h1>\t\t\t\t<\/div>\n\t\t\t\t<\/div>\n\t\t\t\t\t<\/div>\n\t\t<\/div>\n\t\t\t\t\t<\/div>\n\t\t<\/section>\n\t\t\t\t<section class=\"elementor-section elementor-top-section elementor-element elementor-element-8930636 elementor-section-boxed elementor-section-height-default elementor-section-height-default\" data-id=\"8930636\" data-element_type=\"section\">\n\t\t\t\t\t\t<div class=\"elementor-container elementor-column-gap-default\">\n\t\t\t\t\t<div class=\"elementor-column elementor-col-100 elementor-top-column elementor-element elementor-element-832e57d\" data-id=\"832e57d\" data-element_type=\"column\">\n\t\t\t<div class=\"elementor-widget-wrap elementor-element-populated\">\n\t\t\t\t\t\t<div class=\"elementor-element elementor-element-41ce6cf elementor-widget elementor-widget-text-editor\" data-id=\"41ce6cf\" data-element_type=\"widget\" data-widget_type=\"text-editor.default\">\n\t\t\t\t<div class=\"elementor-widget-container\">\n\t\t\t\t\t\t\t\t\t<p style=\"text-align: center;\">Zapraszamy na treningi dzieci w wieku od 5 do 15 lat<\/p><p style=\"text-align: center;\">Aby zapisa\u0107 dziecko wystarczy wype\u0142ni\u0107 <a href=\"https:\/\/apdeyny.protrainup.com\/pl\/forms\/888?signature=cde1173bf3da318dd5b14c331728b8ed23711f19e0104a590e45de148990abf2\"><strong><span style=\"color: #000000;\">formularz zg\u0142oszeniowy<\/span><\/strong><\/a> i przyj\u015b\u0107 na pierwszy darmowy trening\u00a0<\/p><p style=\"text-align: center;\">Je\u015bli syn \/ c\u00f3rka b\u0119dzie zdecydowane trenowa\u0107 w naszym klubie wtedy wype\u0142niamy deklaracje gry, op\u0142acamy sk\u0142adk\u0119 i Trenujemy!\u00a0<\/p><p style=\"text-align: center;\"><strong>Op\u0142aty:<\/strong><\/p><p style=\"text-align: center;\">Sk\u0142adki w AP Deyna wynosz\u0105 <strong>300 z\u0142<\/strong> miesi\u0119cznie<\/p><p style=\"text-align: center;\">Op\u0142ata wpisowa <strong>199 z\u0142<\/strong> ze strojem meczowym, <strong>399 z\u0142<\/strong> ze strojem meczowym i dresem lub <strong>600 z\u0142<\/strong> z dwoma strojami i dresem<\/p><p style=\"text-align: center;\">Wi\u0119cej informacji:<\/p><p style=\"text-align: center;\"><strong>721-144-144, 722-144-144, 726-144-144 lub sekretariat@apdeyna.pl<\/strong><\/p>\t\t\t\t\t\t\t\t<\/div>\n\t\t\t\t<\/div>\n\t\t\t\t<div class=\"elementor-element elementor-element-2fa2d29 elementor-align-center elementor-widget__width-initial elementor-widget elementor-widget-button\" data-id=\"2fa2d29\" data-element_type=\"widget\" data-widget_type=\"button.default\">\n\t\t\t\t<div class=\"elementor-widget-container\">\n\t\t\t\t\t\t\t\t\t<div class=\"elementor-button-wrapper\">\n\t\t\t\t\t<a class=\"elementor-button elementor-button-link elementor-size-sm\" href=\"https:\/\/apdeyny.protrainup.com\/pl\/forms\/888?signature=cde1173bf3da318dd5b14c331728b8ed23711f19e0104a590e45de148990abf2\">\n\t\t\t\t\t\t<span class=\"elementor-button-content-wrapper\">\n\t\t\t\t\t\t\t\t\t<span class=\"elementor-button-text\">CHC\u0118 ZAPISA\u0106 DZIECKO NA ZAJ\u0118CIA ---&gt; E-DEKLARACJA<\/span>\n\t\t\t\t\t<\/span>\n\t\t\t\t\t<\/a>\n\t\t\t\t<\/div>\n\t\t\t\t\t\t\t\t<\/div>\n\t\t\t\t<\/div>\n\t\t\t\t\t<\/div>\n\t\t<\/div>\n\t\t\t\t\t<\/div>\n\t\t<\/section>\n\t\t\t\t<\/div>","protected":false},"excerpt":{"rendered":"<p>CHC\u0118 ZAPISA\u0106 DZIECKO NA ZAJ\u0118CIA &#8212;&gt; E-DEKLARACJA Trwaj\u0105 nabory do Akademii Pi\u0142karskiej im. Kazimierza Deyny Zapraszamy na treningi dzieci w wieku od 5 do 15 lat Aby zapisa\u0107 dziecko wystarczy wype\u0142ni\u0107 formularz zg\u0142oszeniowy i przyj\u015b\u0107 na pierwszy darmowy trening\u00a0 Je\u015bli syn \/ c\u00f3rka b\u0119dzie zdecydowane trenowa\u0107 w naszym klubie wtedy wype\u0142niamy deklaracje gry, op\u0142acamy sk\u0142adk\u0119 [&hellip;]<\/p>","protected":false},"author":1,"featured_media":0,"parent":0,"menu_order":0,"comment_status":"closed","ping_status":"closed","template":"elementor_theme","meta":{"footnotes":""},"class_list":["post-2818","page","type-page","status-publish","hentry"],"yoast_head":"<!-- This site is optimized with the Yoast SEO plugin v27.4 - https:\/\/yoast.com\/product\/yoast-seo-wordpress\/ -->\n<title>Zapisy - AP Deyna<\/title>\n<meta name=\"description\" content=\"\u26bd\ufe0f Tutaj znajdziesz najnowsze wiadomo\u015bci ze \u015bwiata APDEYNA. B\u0105d\u017a na bie\u017c\u0105co z naszymi wydarzeniami, promocjami i ofertami specjalnymi! \u26bd\ufe0f\" \/>\n<meta name=\"robots\" content=\"index, follow, max-snippet:-1, max-image-preview:large, max-video-preview:-1\" \/>\n<link rel=\"canonical\" href=\"https:\/\/apdeyna.pl\/en\/zapisy\/\" \/>\n<meta property=\"og:locale\" content=\"en_US\" \/>\n<meta property=\"og:type\" content=\"article\" \/>\n<meta property=\"og:title\" content=\"Zapisy - AP Deyna\" \/>\n<meta property=\"og:description\" content=\"\u26bd\ufe0f Tutaj znajdziesz najnowsze wiadomo\u015bci ze \u015bwiata APDEYNA. B\u0105d\u017a na bie\u017c\u0105co z naszymi wydarzeniami, promocjami i ofertami specjalnymi! \u26bd\ufe0f\" \/>\n<meta property=\"og:url\" content=\"https:\/\/apdeyna.pl\/en\/zapisy\/\" \/>\n<meta property=\"og:site_name\" content=\"AP Deyna\" \/>\n<meta property=\"article:publisher\" content=\"https:\/\/www.facebook.com\/apdeynapl\" \/>\n<meta property=\"article:modified_time\" content=\"2025-10-06T09:14:19+00:00\" \/>\n<meta name=\"twitter:card\" content=\"summary_large_image\" \/>\n<meta name=\"twitter:label1\" content=\"Est. reading time\" \/>\n\t<meta name=\"twitter:data1\" content=\"1 minute\" \/>\n<script type=\"application\/ld+json\" class=\"yoast-schema-graph\">{\"@context\":\"https:\\\/\\\/schema.org\",\"@graph\":[{\"@type\":\"WebPage\",\"@id\":\"https:\\\/\\\/apdeyna.pl\\\/zapisy\\\/\",\"url\":\"https:\\\/\\\/apdeyna.pl\\\/zapisy\\\/\",\"name\":\"Zapisy - AP Deyna\",\"isPartOf\":{\"@id\":\"https:\\\/\\\/apdeyna.pl\\\/#website\"},\"datePublished\":\"2025-08-26T15:08:35+00:00\",\"dateModified\":\"2025-10-06T09:14:19+00:00\",\"description\":\"\u26bd\ufe0f Tutaj znajdziesz najnowsze wiadomo\u015bci ze \u015bwiata APDEYNA. B\u0105d\u017a na bie\u017c\u0105co z naszymi wydarzeniami, promocjami i ofertami specjalnymi! \u26bd\ufe0f\",\"breadcrumb\":{\"@id\":\"https:\\\/\\\/apdeyna.pl\\\/zapisy\\\/#breadcrumb\"},\"inLanguage\":\"en-US\",\"potentialAction\":[{\"@type\":\"ReadAction\",\"target\":[\"https:\\\/\\\/apdeyna.pl\\\/zapisy\\\/\"]}]},{\"@type\":\"BreadcrumbList\",\"@id\":\"https:\\\/\\\/apdeyna.pl\\\/zapisy\\\/#breadcrumb\",\"itemListElement\":[{\"@type\":\"ListItem\",\"position\":1,\"name\":\"Strona g\u0142\u00f3wna\",\"item\":\"https:\\\/\\\/apdeyna.pl\\\/\"},{\"@type\":\"ListItem\",\"position\":2,\"name\":\"Zapisy\"}]},{\"@type\":\"WebSite\",\"@id\":\"https:\\\/\\\/apdeyna.pl\\\/#website\",\"url\":\"https:\\\/\\\/apdeyna.pl\\\/\",\"name\":\"AP Deyna\",\"description\":\"AKADEMIA PI\u0141KARSKA IM. KAZIMIERZA DEYNY\",\"publisher\":{\"@id\":\"https:\\\/\\\/apdeyna.pl\\\/#organization\"},\"potentialAction\":[{\"@type\":\"SearchAction\",\"target\":{\"@type\":\"EntryPoint\",\"urlTemplate\":\"https:\\\/\\\/apdeyna.pl\\\/?s={search_term_string}\"},\"query-input\":{\"@type\":\"PropertyValueSpecification\",\"valueRequired\":true,\"valueName\":\"search_term_string\"}}],\"inLanguage\":\"en-US\"},{\"@type\":\"Organization\",\"@id\":\"https:\\\/\\\/apdeyna.pl\\\/#organization\",\"name\":\"AP Deyna\",\"url\":\"https:\\\/\\\/apdeyna.pl\\\/\",\"logo\":{\"@type\":\"ImageObject\",\"inLanguage\":\"en-US\",\"@id\":\"https:\\\/\\\/apdeyna.pl\\\/#\\\/schema\\\/logo\\\/image\\\/\",\"url\":\"https:\\\/\\\/apdeyna.pl\\\/wp-content\\\/uploads\\\/2023\\\/06\\\/cropped-favicon_apdeyna.png\",\"contentUrl\":\"https:\\\/\\\/apdeyna.pl\\\/wp-content\\\/uploads\\\/2023\\\/06\\\/cropped-favicon_apdeyna.png\",\"width\":512,\"height\":512,\"caption\":\"AP Deyna\"},\"image\":{\"@id\":\"https:\\\/\\\/apdeyna.pl\\\/#\\\/schema\\\/logo\\\/image\\\/\"},\"sameAs\":[\"https:\\\/\\\/www.facebook.com\\\/apdeynapl\",\"https:\\\/\\\/www.youtube.com\\\/@APDeyna\"]}]}<\/script>\n<!-- \/ Yoast SEO plugin. -->","yoast_head_json":{"title":"Zapisy - AP Deyna","description":"\u26bd\ufe0f Tutaj znajdziesz najnowsze wiadomo\u015bci ze \u015bwiata APDEYNA. B\u0105d\u017a na bie\u017c\u0105co z naszymi wydarzeniami, promocjami i ofertami specjalnymi! \u26bd\ufe0f","robots":{"index":"index","follow":"follow","max-snippet":"max-snippet:-1","max-image-preview":"max-image-preview:large","max-video-preview":"max-video-preview:-1"},"canonical":"https:\/\/apdeyna.pl\/en\/zapisy\/","og_locale":"en_US","og_type":"article","og_title":"Zapisy - AP Deyna","og_description":"\u26bd\ufe0f Tutaj znajdziesz najnowsze wiadomo\u015bci ze \u015bwiata APDEYNA. B\u0105d\u017a na bie\u017c\u0105co z naszymi wydarzeniami, promocjami i ofertami specjalnymi! \u26bd\ufe0f","og_url":"https:\/\/apdeyna.pl\/en\/zapisy\/","og_site_name":"AP Deyna","article_publisher":"https:\/\/www.facebook.com\/apdeynapl","article_modified_time":"2025-10-06T09:14:19+00:00","twitter_card":"summary_large_image","twitter_misc":{"Est. reading time":"1 minute"},"schema":{"@context":"https:\/\/schema.org","@graph":[{"@type":"WebPage","@id":"https:\/\/apdeyna.pl\/zapisy\/","url":"https:\/\/apdeyna.pl\/zapisy\/","name":"Zapisy - AP Deyna","isPartOf":{"@id":"https:\/\/apdeyna.pl\/#website"},"datePublished":"2025-08-26T15:08:35+00:00","dateModified":"2025-10-06T09:14:19+00:00","description":"\u26bd\ufe0f Tutaj znajdziesz najnowsze wiadomo\u015bci ze \u015bwiata APDEYNA. B\u0105d\u017a na bie\u017c\u0105co z naszymi wydarzeniami, promocjami i ofertami specjalnymi! \u26bd\ufe0f","breadcrumb":{"@id":"https:\/\/apdeyna.pl\/zapisy\/#breadcrumb"},"inLanguage":"en-US","potentialAction":[{"@type":"ReadAction","target":["https:\/\/apdeyna.pl\/zapisy\/"]}]},{"@type":"BreadcrumbList","@id":"https:\/\/apdeyna.pl\/zapisy\/#breadcrumb","itemListElement":[{"@type":"ListItem","position":1,"name":"Strona g\u0142\u00f3wna","item":"https:\/\/apdeyna.pl\/"},{"@type":"ListItem","position":2,"name":"Zapisy"}]},{"@type":"WebSite","@id":"https:\/\/apdeyna.pl\/#website","url":"https:\/\/apdeyna.pl\/","name":"AP Deyna","description":"AKADEMIA PI\u0141KARSKA IM. KAZIMIERZA DEYNY","publisher":{"@id":"https:\/\/apdeyna.pl\/#organization"},"potentialAction":[{"@type":"SearchAction","target":{"@type":"EntryPoint","urlTemplate":"https:\/\/apdeyna.pl\/?s={search_term_string}"},"query-input":{"@type":"PropertyValueSpecification","valueRequired":true,"valueName":"search_term_string"}}],"inLanguage":"en-US"},{"@type":"Organization","@id":"https:\/\/apdeyna.pl\/#organization","name":"AP Deyna","url":"https:\/\/apdeyna.pl\/","logo":{"@type":"ImageObject","inLanguage":"en-US","@id":"https:\/\/apdeyna.pl\/#\/schema\/logo\/image\/","url":"https:\/\/apdeyna.pl\/wp-content\/uploads\/2023\/06\/cropped-favicon_apdeyna.png","contentUrl":"https:\/\/apdeyna.pl\/wp-content\/uploads\/2023\/06\/cropped-favicon_apdeyna.png","width":512,"height":512,"caption":"AP Deyna"},"image":{"@id":"https:\/\/apdeyna.pl\/#\/schema\/logo\/image\/"},"sameAs":["https:\/\/www.facebook.com\/apdeynapl","https:\/\/www.youtube.com\/@APDeyna"]}]}},"_links":{"self":[{"href":"https:\/\/apdeyna.pl\/en\/wp-json\/wp\/v2\/pages\/2818","targetHints":{"allow":["GET"]}}],"collection":[{"href":"https:\/\/apdeyna.pl\/en\/wp-json\/wp\/v2\/pages"}],"about":[{"href":"https:\/\/apdeyna.pl\/en\/wp-json\/wp\/v2\/types\/page"}],"author":[{"embeddable":true,"href":"https:\/\/apdeyna.pl\/en\/wp-json\/wp\/v2\/users\/1"}],"replies":[{"embeddable":true,"href":"https:\/\/apdeyna.pl\/en\/wp-json\/wp\/v2\/comments?post=2818"}],"version-history":[{"count":0,"href":"https:\/\/apdeyna.pl\/en\/wp-json\/wp\/v2\/pages\/2818\/revisions"}],"wp:attachment":[{"href":"https:\/\/apdeyna.pl\/en\/wp-json\/wp\/v2\/media?parent=2818"}],"curies":[{"name":"wp","href":"https:\/\/api.w.org\/{rel}","templated":true}]}}