{"id":68,"date":"2022-01-03T11:50:17","date_gmt":"2022-01-03T10:50:17","guid":{"rendered":"https:\/\/akademiadeyny.pl\/?page_id=68"},"modified":"2025-08-22T11:07:08","modified_gmt":"2025-08-22T09:07:08","slug":"akademia-deyny","status":"publish","type":"page","link":"https:\/\/apdeyna.pl\/en\/akademia-deyny\/","title":{"rendered":"Akademia Pi\u0142karska Deyny"},"content":{"rendered":"<div data-elementor-type=\"wp-page\" data-elementor-id=\"68\" class=\"elementor elementor-68\" data-elementor-post-type=\"page\">\n\t\t\t\t\t\t<section class=\"elementor-section elementor-top-section elementor-element elementor-element-6814bde elementor-section-boxed elementor-section-height-default elementor-section-height-default\" data-id=\"6814bde\" data-element_type=\"section\">\n\t\t\t\t\t\t<div class=\"elementor-container elementor-column-gap-default\">\n\t\t\t\t\t<div class=\"elementor-column elementor-col-100 elementor-top-column elementor-element elementor-element-b0dbbb3\" data-id=\"b0dbbb3\" data-element_type=\"column\" data-settings=\"{&quot;background_background&quot;:&quot;classic&quot;}\">\n\t\t\t<div class=\"elementor-widget-wrap elementor-element-populated\">\n\t\t\t\t\t\t<div class=\"elementor-element elementor-element-d803c95 elementor-widget elementor-widget-text-editor\" data-id=\"d803c95\" data-element_type=\"widget\" data-widget_type=\"text-editor.default\">\n\t\t\t\t<div class=\"elementor-widget-container\">\n\t\t\t\t\t\t\t\t\t<h1>AKADEMIA PI\u0141KARSKA IM. KAZIMIERZA DEYNY<\/h1><div><br><\/div><div><br><\/div><div><br><\/div><div><br><\/div><div><br><\/div><div><br><\/div><div><br><\/div><div><br><\/div><div><br><\/div><div><br><\/div><div><br><\/div><div><br><\/div><div><br><\/div><div><br><\/div><div><br><\/div><div><br><\/div><div><br><\/div><div><br><\/div><div><br><\/div><div><br><\/div><div><br><\/div><div><br><\/div>\t\t\t\t\t\t\t\t<\/div>\n\t\t\t\t<\/div>\n\t\t\t\t\t<\/div>\n\t\t<\/div>\n\t\t\t\t\t<\/div>\n\t\t<\/section>\n\t\t\t\t<\/div>","protected":false},"excerpt":{"rendered":"<p>AKADEMIA PI\u0141KARSKA IM. KAZIMIERZA DEYNY<\/p>","protected":false},"author":1,"featured_media":0,"parent":0,"menu_order":0,"comment_status":"closed","ping_status":"closed","template":"","meta":{"footnotes":""},"class_list":["post-68","page","type-page","status-publish","hentry"],"yoast_head":"<!-- This site is optimized with the Yoast SEO plugin v27.5 - https:\/\/yoast.com\/product\/yoast-seo-wordpress\/ -->\n<title>Akademia Pi\u0142karska Deyny - AP Deyna<\/title>\n<meta name=\"description\" content=\"\u26bd Akademia Pi\u0142karska Deyna \u2013 Profesjonalne treningi dla dzieci i m\u0142odzie\u017cy w Warszawie. Zbuduj solidne fundamenty i d\u0105\u017c do sukcesu!\" \/>\n<meta name=\"robots\" content=\"index, follow, max-snippet:-1, max-image-preview:large, max-video-preview:-1\" \/>\n<link rel=\"canonical\" href=\"https:\/\/apdeyna.pl\/en\/akademia-deyny\/\" \/>\n<meta property=\"og:locale\" content=\"en_US\" \/>\n<meta property=\"og:type\" content=\"article\" \/>\n<meta property=\"og:title\" content=\"Akademia Pi\u0142karska Deyny - AP Deyna\" \/>\n<meta property=\"og:description\" content=\"\u26bd Akademia Pi\u0142karska Deyna \u2013 Profesjonalne treningi dla dzieci i m\u0142odzie\u017cy w Warszawie. Zbuduj solidne fundamenty i d\u0105\u017c do sukcesu!\" \/>\n<meta property=\"og:url\" content=\"https:\/\/apdeyna.pl\/en\/akademia-deyny\/\" \/>\n<meta property=\"og:site_name\" content=\"AP Deyna\" \/>\n<meta property=\"article:publisher\" content=\"https:\/\/www.facebook.com\/apdeynapl\" \/>\n<meta property=\"article:modified_time\" content=\"2025-08-22T09:07:08+00:00\" \/>\n<meta name=\"twitter:card\" content=\"summary_large_image\" \/>\n<meta name=\"twitter:label1\" content=\"Est. reading time\" \/>\n\t<meta name=\"twitter:data1\" content=\"1 minute\" \/>\n<script type=\"application\/ld+json\" class=\"yoast-schema-graph\">{\"@context\":\"https:\\\/\\\/schema.org\",\"@graph\":[{\"@type\":\"WebPage\",\"@id\":\"https:\\\/\\\/apdeyna.pl\\\/akademia-deyny\\\/\",\"url\":\"https:\\\/\\\/apdeyna.pl\\\/akademia-deyny\\\/\",\"name\":\"Akademia Pi\u0142karska Deyny - AP Deyna\",\"isPartOf\":{\"@id\":\"https:\\\/\\\/apdeyna.pl\\\/#website\"},\"datePublished\":\"2022-01-03T10:50:17+00:00\",\"dateModified\":\"2025-08-22T09:07:08+00:00\",\"description\":\"\u26bd Akademia Pi\u0142karska Deyna \u2013 Profesjonalne treningi dla dzieci i m\u0142odzie\u017cy w Warszawie. Zbuduj solidne fundamenty i d\u0105\u017c do sukcesu!\",\"breadcrumb\":{\"@id\":\"https:\\\/\\\/apdeyna.pl\\\/akademia-deyny\\\/#breadcrumb\"},\"inLanguage\":\"en-US\",\"potentialAction\":[{\"@type\":\"ReadAction\",\"target\":[\"https:\\\/\\\/apdeyna.pl\\\/akademia-deyny\\\/\"]}]},{\"@type\":\"BreadcrumbList\",\"@id\":\"https:\\\/\\\/apdeyna.pl\\\/akademia-deyny\\\/#breadcrumb\",\"itemListElement\":[{\"@type\":\"ListItem\",\"position\":1,\"name\":\"Strona g\u0142\u00f3wna\",\"item\":\"https:\\\/\\\/apdeyna.pl\\\/\"},{\"@type\":\"ListItem\",\"position\":2,\"name\":\"Akademia Pi\u0142karska Deyny\"}]},{\"@type\":\"WebSite\",\"@id\":\"https:\\\/\\\/apdeyna.pl\\\/#website\",\"url\":\"https:\\\/\\\/apdeyna.pl\\\/\",\"name\":\"AP Deyna\",\"description\":\"AKADEMIA PI\u0141KARSKA IM. KAZIMIERZA DEYNY\",\"publisher\":{\"@id\":\"https:\\\/\\\/apdeyna.pl\\\/#organization\"},\"potentialAction\":[{\"@type\":\"SearchAction\",\"target\":{\"@type\":\"EntryPoint\",\"urlTemplate\":\"https:\\\/\\\/apdeyna.pl\\\/?s={search_term_string}\"},\"query-input\":{\"@type\":\"PropertyValueSpecification\",\"valueRequired\":true,\"valueName\":\"search_term_string\"}}],\"inLanguage\":\"en-US\"},{\"@type\":\"Organization\",\"@id\":\"https:\\\/\\\/apdeyna.pl\\\/#organization\",\"name\":\"AP Deyna\",\"url\":\"https:\\\/\\\/apdeyna.pl\\\/\",\"logo\":{\"@type\":\"ImageObject\",\"inLanguage\":\"en-US\",\"@id\":\"https:\\\/\\\/apdeyna.pl\\\/#\\\/schema\\\/logo\\\/image\\\/\",\"url\":\"https:\\\/\\\/apdeyna.pl\\\/wp-content\\\/uploads\\\/2023\\\/06\\\/cropped-favicon_apdeyna.png\",\"contentUrl\":\"https:\\\/\\\/apdeyna.pl\\\/wp-content\\\/uploads\\\/2023\\\/06\\\/cropped-favicon_apdeyna.png\",\"width\":512,\"height\":512,\"caption\":\"AP Deyna\"},\"image\":{\"@id\":\"https:\\\/\\\/apdeyna.pl\\\/#\\\/schema\\\/logo\\\/image\\\/\"},\"sameAs\":[\"https:\\\/\\\/www.facebook.com\\\/apdeynapl\",\"https:\\\/\\\/www.youtube.com\\\/@APDeyna\"]}]}<\/script>\n<!-- \/ Yoast SEO plugin. -->","yoast_head_json":{"title":"Akademia Pi\u0142karska Deyny - AP Deyna","description":"\u26bd Akademia Pi\u0142karska Deyna \u2013 Profesjonalne treningi dla dzieci i m\u0142odzie\u017cy w Warszawie. Zbuduj solidne fundamenty i d\u0105\u017c do sukcesu!","robots":{"index":"index","follow":"follow","max-snippet":"max-snippet:-1","max-image-preview":"max-image-preview:large","max-video-preview":"max-video-preview:-1"},"canonical":"https:\/\/apdeyna.pl\/en\/akademia-deyny\/","og_locale":"en_US","og_type":"article","og_title":"Akademia Pi\u0142karska Deyny - AP Deyna","og_description":"\u26bd Akademia Pi\u0142karska Deyna \u2013 Profesjonalne treningi dla dzieci i m\u0142odzie\u017cy w Warszawie. Zbuduj solidne fundamenty i d\u0105\u017c do sukcesu!","og_url":"https:\/\/apdeyna.pl\/en\/akademia-deyny\/","og_site_name":"AP Deyna","article_publisher":"https:\/\/www.facebook.com\/apdeynapl","article_modified_time":"2025-08-22T09:07:08+00:00","twitter_card":"summary_large_image","twitter_misc":{"Est. reading time":"1 minute"},"schema":{"@context":"https:\/\/schema.org","@graph":[{"@type":"WebPage","@id":"https:\/\/apdeyna.pl\/akademia-deyny\/","url":"https:\/\/apdeyna.pl\/akademia-deyny\/","name":"Akademia Pi\u0142karska Deyny - AP Deyna","isPartOf":{"@id":"https:\/\/apdeyna.pl\/#website"},"datePublished":"2022-01-03T10:50:17+00:00","dateModified":"2025-08-22T09:07:08+00:00","description":"\u26bd Akademia Pi\u0142karska Deyna \u2013 Profesjonalne treningi dla dzieci i m\u0142odzie\u017cy w Warszawie. Zbuduj solidne fundamenty i d\u0105\u017c do sukcesu!","breadcrumb":{"@id":"https:\/\/apdeyna.pl\/akademia-deyny\/#breadcrumb"},"inLanguage":"en-US","potentialAction":[{"@type":"ReadAction","target":["https:\/\/apdeyna.pl\/akademia-deyny\/"]}]},{"@type":"BreadcrumbList","@id":"https:\/\/apdeyna.pl\/akademia-deyny\/#breadcrumb","itemListElement":[{"@type":"ListItem","position":1,"name":"Strona g\u0142\u00f3wna","item":"https:\/\/apdeyna.pl\/"},{"@type":"ListItem","position":2,"name":"Akademia Pi\u0142karska Deyny"}]},{"@type":"WebSite","@id":"https:\/\/apdeyna.pl\/#website","url":"https:\/\/apdeyna.pl\/","name":"AP Deyna","description":"AKADEMIA PI\u0141KARSKA IM. KAZIMIERZA DEYNY","publisher":{"@id":"https:\/\/apdeyna.pl\/#organization"},"potentialAction":[{"@type":"SearchAction","target":{"@type":"EntryPoint","urlTemplate":"https:\/\/apdeyna.pl\/?s={search_term_string}"},"query-input":{"@type":"PropertyValueSpecification","valueRequired":true,"valueName":"search_term_string"}}],"inLanguage":"en-US"},{"@type":"Organization","@id":"https:\/\/apdeyna.pl\/#organization","name":"AP Deyna","url":"https:\/\/apdeyna.pl\/","logo":{"@type":"ImageObject","inLanguage":"en-US","@id":"https:\/\/apdeyna.pl\/#\/schema\/logo\/image\/","url":"https:\/\/apdeyna.pl\/wp-content\/uploads\/2023\/06\/cropped-favicon_apdeyna.png","contentUrl":"https:\/\/apdeyna.pl\/wp-content\/uploads\/2023\/06\/cropped-favicon_apdeyna.png","width":512,"height":512,"caption":"AP Deyna"},"image":{"@id":"https:\/\/apdeyna.pl\/#\/schema\/logo\/image\/"},"sameAs":["https:\/\/www.facebook.com\/apdeynapl","https:\/\/www.youtube.com\/@APDeyna"]}]}},"_links":{"self":[{"href":"https:\/\/apdeyna.pl\/en\/wp-json\/wp\/v2\/pages\/68","targetHints":{"allow":["GET"]}}],"collection":[{"href":"https:\/\/apdeyna.pl\/en\/wp-json\/wp\/v2\/pages"}],"about":[{"href":"https:\/\/apdeyna.pl\/en\/wp-json\/wp\/v2\/types\/page"}],"author":[{"embeddable":true,"href":"https:\/\/apdeyna.pl\/en\/wp-json\/wp\/v2\/users\/1"}],"replies":[{"embeddable":true,"href":"https:\/\/apdeyna.pl\/en\/wp-json\/wp\/v2\/comments?post=68"}],"version-history":[{"count":19,"href":"https:\/\/apdeyna.pl\/en\/wp-json\/wp\/v2\/pages\/68\/revisions"}],"predecessor-version":[{"id":2236,"href":"https:\/\/apdeyna.pl\/en\/wp-json\/wp\/v2\/pages\/68\/revisions\/2236"}],"wp:attachment":[{"href":"https:\/\/apdeyna.pl\/en\/wp-json\/wp\/v2\/media?parent=68"}],"curies":[{"name":"wp","href":"https:\/\/api.w.org\/{rel}","templated":true}]}}