{"id":803,"date":"2023-05-25T23:58:57","date_gmt":"2023-05-25T21:58:57","guid":{"rendered":"https:\/\/apdeyna.pl\/?page_id=803"},"modified":"2025-10-06T11:04:32","modified_gmt":"2025-10-06T09:04:32","slug":"autorski-program-szkolenia","status":"publish","type":"page","link":"https:\/\/apdeyna.pl\/en\/projekty\/autorski-program-szkolenia\/","title":{"rendered":"Autorski program szkolenia"},"content":{"rendered":"<div data-elementor-type=\"wp-page\" data-elementor-id=\"803\" class=\"elementor elementor-803\" data-elementor-post-type=\"page\">\n\t\t\t\t\t\t<section class=\"elementor-section elementor-top-section elementor-element elementor-element-19c00f4 elementor-section-boxed elementor-section-height-default elementor-section-height-default\" data-id=\"19c00f4\" data-element_type=\"section\">\n\t\t\t\t\t\t<div class=\"elementor-container elementor-column-gap-default\">\n\t\t\t\t\t<div class=\"elementor-column elementor-col-100 elementor-top-column elementor-element elementor-element-dc6cd8f\" data-id=\"dc6cd8f\" data-element_type=\"column\">\n\t\t\t<div class=\"elementor-widget-wrap elementor-element-populated\">\n\t\t\t\t\t\t<div class=\"elementor-element elementor-element-d0814ed new-text-max-width elementor-widget elementor-widget-text-editor\" data-id=\"d0814ed\" data-element_type=\"widget\" data-widget_type=\"text-editor.default\">\n\t\t\t\t<div class=\"elementor-widget-container\">\n\t\t\t\t\t\t\t\t\t<div><h2><strong><span style=\"color: #008000;\">Nabory na sezon 2025\/2026<\/span><\/strong><\/h2><p>Nasze treningi prowadz\u0105 <strong>licencjonowani trenerzy<\/strong> z do\u015bwiadczeniem w pracy z dzie\u0107mi. To pasjonaci pi\u0142ki no\u017cnej, kt\u00f3rzy potrafi\u0105 po\u0142\u0105czy\u0107 profesjonalizm ze \u015bwietn\u0105 atmosfer\u0105. Trenujemy na <a href=\"https:\/\/apdeyna.pl\/en\/lokalizacje\/\"><strong>nowoczesnych boiskach w kilku lokalizacjach<\/strong><\/a>. Zaj\u0119cia dostosowane s\u0105 do wieku i poziomu zaawansowania dzieci. Zapraszamy dzieci w wieku <strong>od 5 do 15 lat<\/strong>. Grupy tworzymy wed\u0142ug wieku i poziomu umiej\u0119tno\u015bci, aby ka\u017cde dziecko mog\u0142o trenowa\u0107 w odpowiednim dla siebie tempie. Miesi\u0119czna sk\u0142adka wynosi <strong>300 z\u0142<\/strong>. Wpisowe dla nowych cz\u0142onk\u00f3w wynosi <strong>od 199 do 600 z\u0142<\/strong> (cena zale\u017cna od ilo\u015bci i typu stroju jakie otrzymuje dziecko). Ka\u017cde dziecko mo\u017ce wzi\u0105\u0107 udzia\u0142 w <strong>bezp\u0142atnym treningu pr\u00f3bnym<\/strong>, aby przekona\u0107 si\u0119, czy pi\u0142ka no\u017cna to jego pasja. Z darmowego treningu mo\u017cna skorzysta\u0107 od po\u0142owy sierpnia do ko\u0144ca wrze\u015bnia. Stawiamy na <strong>fair play, wsp\u00f3\u0142prac\u0119 i rado\u015b\u0107 z gry<\/strong>. Naszym celem jest nie tylko rozw\u00f3j sportowy, ale te\u017c budowanie pewno\u015bci siebie, przyja\u017ani i pasji do aktywno\u015bci fizycznej. Poza samymi treningami regularnie bierzemy udzia\u0142 w sparingach, turniejach i wydarzeniach pi\u0142karskich. Dzi\u0119ki temu dzieci ucz\u0105 si\u0119 wsp\u00f3\u0142pracy w dru\u017cynie i ciesz\u0105 si\u0119 prawdziw\u0105 pi\u0142karsk\u0105 rywalizacj\u0105. W trakcie wakacji letnich organizujemy r\u00f3wnie\u017c obozy.<\/p><p>Aby zapisa\u0107 dziecko nale\u017cy <a href=\"https:\/\/apdeyny.protrainup.com\/pl\/forms\/888?signature=cde1173bf3da318dd5b14c331728b8ed23711f19e0104a590e45de148990abf2\" target=\"_blank\" rel=\"noopener\"><strong>wype\u0142ni\u0107<\/strong> <strong>formularz<\/strong><\/a> oraz wype\u0142ni\u0107 deklaracj\u0119 cz\u0142onkowsk\u0105.<\/p><\/div>\t\t\t\t\t\t\t\t<\/div>\n\t\t\t\t<\/div>\n\t\t\t\t<div class=\"elementor-element elementor-element-3609b31 elementor-widget elementor-widget-heading\" data-id=\"3609b31\" data-element_type=\"widget\" data-widget_type=\"heading.default\">\n\t\t\t\t<div class=\"elementor-widget-container\">\n\t\t\t\t\t<h1 class=\"elementor-heading-title elementor-size-default\">Autorski program szkolenia <\/h1>\t\t\t\t<\/div>\n\t\t\t\t<\/div>\n\t\t\t\t\t<\/div>\n\t\t<\/div>\n\t\t\t\t\t<\/div>\n\t\t<\/section>\n\t\t\t\t<section class=\"elementor-section elementor-top-section elementor-element elementor-element-66b30a5 elementor-section-boxed elementor-section-height-default elementor-section-height-default\" data-id=\"66b30a5\" data-element_type=\"section\">\n\t\t\t\t\t\t<div class=\"elementor-container elementor-column-gap-default\">\n\t\t\t\t\t<div class=\"elementor-column elementor-col-100 elementor-top-column elementor-element elementor-element-5d36fc8\" data-id=\"5d36fc8\" data-element_type=\"column\">\n\t\t\t<div class=\"elementor-widget-wrap elementor-element-populated\">\n\t\t\t\t\t\t<div class=\"elementor-element elementor-element-2f27373 elementor-widget elementor-widget-text-editor\" data-id=\"2f27373\" data-element_type=\"widget\" data-widget_type=\"text-editor.default\">\n\t\t\t\t<div class=\"elementor-widget-container\">\n\t\t\t\t\t\t\t\t\t<p>W <b>Akademii Pi\u0142karskiej Deyna<\/b> wierzymy, \u017ce ka\u017cdy m\u0142ody zawodnik ma unikalny potencja\u0142. Dlatego stworzyli\u015bmy <b>autorski program szkolenia<\/b>, kt\u00f3ry nie jest typowym, statycznym planem. To dynamiczny system, kt\u00f3ry dopasowuje si\u0119 do indywidualnych potrzeb i predyspozycji ka\u017cdego gracza, bez wzgl\u0119du na jego wiek czy poziom zaawansowania. Naszym celem jest kszta\u0142towanie nie tylko \u015bwietnych pi\u0142karzy, ale te\u017c odpowiedzialnych, pewnych siebie ludzi.<\/p><p><b>Jak dzia\u0142a nasz program?<\/b><\/p><p>Nasz program to wi\u0119cej ni\u017c zwyk\u0142e treningi. To holistyczne podej\u015bcie, kt\u00f3re \u0142\u0105czy wiele kluczowych element\u00f3w:<\/p><ul><li><p><b>Technika i taktyka:<\/b> Uczymy zar\u00f3wno podstaw, jak i zaawansowanych zagrywek. Stawiamy na <b>indywidualny rozw\u00f3j pi\u0142karski<\/b>, aby ka\u017cdy zawodnik czu\u0142 si\u0119 pewnie z pi\u0142k\u0105 przy nodze.<\/p><\/li><li><p><b>Rozw\u00f3j motoryczny:<\/b> Specjalne \u0107wiczenia poprawiaj\u0105 si\u0142\u0119, szybko\u015b\u0107, zwinno\u015b\u0107 i wytrzyma\u0142o\u015b\u0107, co jest niezb\u0119dne na boisku.<\/p><\/li><li><p><b>Psychologia sportu:<\/b> Pomagamy m\u0142odym zawodnikom radzi\u0107 sobie ze stresem, budowa\u0107 pewno\u015b\u0107 siebie i rozwija\u0107 mentalno\u015b\u0107 zwyci\u0119zcy.<\/p><\/li><li><p><b>Warto\u015bci i zasady:<\/b> Uczymy szacunku, fair play, pracy zespo\u0142owej i odpowiedzialno\u015bci, kt\u00f3re s\u0105 kluczowe zar\u00f3wno na boisku, jak i w \u017cyciu codziennym.<\/p><\/li><\/ul><p>Nasz autorski program szkolenia jest nieustannie aktualizowany i doskonalony, aby sprosta\u0107 wymaganiom nowoczesnego futbolu. Do\u0142\u0105cz do nas i zobacz, jak Tw\u00f3j talent rozkwita pod okiem do\u015bwiadczonych trener\u00f3w!<\/p>\t\t\t\t\t\t\t\t<\/div>\n\t\t\t\t<\/div>\n\t\t\t\t\t<\/div>\n\t\t<\/div>\n\t\t\t\t\t<\/div>\n\t\t<\/section>\n\t\t\t\t<\/div>","protected":false},"excerpt":{"rendered":"<p>Nabory na sezon 2025\/2026 Nasze treningi prowadz\u0105 licencjonowani trenerzy z do\u015bwiadczeniem w pracy z dzie\u0107mi. To pasjonaci pi\u0142ki no\u017cnej, kt\u00f3rzy potrafi\u0105 po\u0142\u0105czy\u0107 profesjonalizm ze \u015bwietn\u0105 atmosfer\u0105. Trenujemy na nowoczesnych boiskach w kilku lokalizacjach. Zaj\u0119cia dostosowane s\u0105 do wieku i poziomu zaawansowania dzieci. Zapraszamy dzieci w wieku od 5 do 15 lat. Grupy tworzymy wed\u0142ug wieku [&hellip;]<\/p>","protected":false},"author":1,"featured_media":0,"parent":799,"menu_order":0,"comment_status":"closed","ping_status":"closed","template":"elementor_theme","meta":{"footnotes":""},"class_list":["post-803","page","type-page","status-publish","hentry"],"yoast_head":"<!-- This site is optimized with the Yoast SEO plugin v27.4 - https:\/\/yoast.com\/product\/yoast-seo-wordpress\/ -->\n<title>Autorski program szkolenia - AP Deyna<\/title>\n<meta name=\"description\" content=\"\u26bdRozwijaj swoje dziecko z AP Deyna! Odkryj nasz autorski program szkolenia, kt\u00f3ry \u0142\u0105czy technik\u0119, taktyk\u0119 i mentalno\u015b\u0107 z dba\u0142o\u015bci\u0105 o zdrowie.\" \/>\n<meta name=\"robots\" content=\"index, follow, max-snippet:-1, max-image-preview:large, max-video-preview:-1\" \/>\n<link rel=\"canonical\" href=\"https:\/\/apdeyna.pl\/en\/projekty\/autorski-program-szkolenia\/\" \/>\n<meta property=\"og:locale\" content=\"en_US\" \/>\n<meta property=\"og:type\" content=\"article\" \/>\n<meta property=\"og:title\" content=\"Autorski program szkolenia - AP Deyna\" \/>\n<meta property=\"og:description\" content=\"\u26bdRozwijaj swoje dziecko z AP Deyna! Odkryj nasz autorski program szkolenia, kt\u00f3ry \u0142\u0105czy technik\u0119, taktyk\u0119 i mentalno\u015b\u0107 z dba\u0142o\u015bci\u0105 o zdrowie.\" \/>\n<meta property=\"og:url\" content=\"https:\/\/apdeyna.pl\/en\/projekty\/autorski-program-szkolenia\/\" \/>\n<meta property=\"og:site_name\" content=\"AP Deyna\" \/>\n<meta property=\"article:publisher\" content=\"https:\/\/www.facebook.com\/apdeynapl\" \/>\n<meta property=\"article:modified_time\" content=\"2025-10-06T09:04:32+00:00\" \/>\n<meta name=\"twitter:card\" content=\"summary_large_image\" \/>\n<meta name=\"twitter:label1\" content=\"Est. reading time\" \/>\n\t<meta name=\"twitter:data1\" content=\"3 minutes\" \/>\n<script type=\"application\/ld+json\" class=\"yoast-schema-graph\">{\"@context\":\"https:\\\/\\\/schema.org\",\"@graph\":[{\"@type\":\"WebPage\",\"@id\":\"https:\\\/\\\/apdeyna.pl\\\/projekty\\\/autorski-program-szkolenia\\\/\",\"url\":\"https:\\\/\\\/apdeyna.pl\\\/projekty\\\/autorski-program-szkolenia\\\/\",\"name\":\"Autorski program szkolenia - AP Deyna\",\"isPartOf\":{\"@id\":\"https:\\\/\\\/apdeyna.pl\\\/#website\"},\"datePublished\":\"2023-05-25T21:58:57+00:00\",\"dateModified\":\"2025-10-06T09:04:32+00:00\",\"description\":\"\u26bdRozwijaj swoje dziecko z AP Deyna! Odkryj nasz autorski program szkolenia, kt\u00f3ry \u0142\u0105czy technik\u0119, taktyk\u0119 i mentalno\u015b\u0107 z dba\u0142o\u015bci\u0105 o zdrowie.\",\"breadcrumb\":{\"@id\":\"https:\\\/\\\/apdeyna.pl\\\/projekty\\\/autorski-program-szkolenia\\\/#breadcrumb\"},\"inLanguage\":\"en-US\",\"potentialAction\":[{\"@type\":\"ReadAction\",\"target\":[\"https:\\\/\\\/apdeyna.pl\\\/projekty\\\/autorski-program-szkolenia\\\/\"]}]},{\"@type\":\"BreadcrumbList\",\"@id\":\"https:\\\/\\\/apdeyna.pl\\\/projekty\\\/autorski-program-szkolenia\\\/#breadcrumb\",\"itemListElement\":[{\"@type\":\"ListItem\",\"position\":1,\"name\":\"Strona g\u0142\u00f3wna\",\"item\":\"https:\\\/\\\/apdeyna.pl\\\/\"},{\"@type\":\"ListItem\",\"position\":2,\"name\":\"Projekty\",\"item\":\"https:\\\/\\\/apdeyna.pl\\\/projekty\\\/\"},{\"@type\":\"ListItem\",\"position\":3,\"name\":\"Autorski program szkolenia\"}]},{\"@type\":\"WebSite\",\"@id\":\"https:\\\/\\\/apdeyna.pl\\\/#website\",\"url\":\"https:\\\/\\\/apdeyna.pl\\\/\",\"name\":\"AP Deyna\",\"description\":\"AKADEMIA PI\u0141KARSKA IM. KAZIMIERZA DEYNY\",\"publisher\":{\"@id\":\"https:\\\/\\\/apdeyna.pl\\\/#organization\"},\"potentialAction\":[{\"@type\":\"SearchAction\",\"target\":{\"@type\":\"EntryPoint\",\"urlTemplate\":\"https:\\\/\\\/apdeyna.pl\\\/?s={search_term_string}\"},\"query-input\":{\"@type\":\"PropertyValueSpecification\",\"valueRequired\":true,\"valueName\":\"search_term_string\"}}],\"inLanguage\":\"en-US\"},{\"@type\":\"Organization\",\"@id\":\"https:\\\/\\\/apdeyna.pl\\\/#organization\",\"name\":\"AP Deyna\",\"url\":\"https:\\\/\\\/apdeyna.pl\\\/\",\"logo\":{\"@type\":\"ImageObject\",\"inLanguage\":\"en-US\",\"@id\":\"https:\\\/\\\/apdeyna.pl\\\/#\\\/schema\\\/logo\\\/image\\\/\",\"url\":\"https:\\\/\\\/apdeyna.pl\\\/wp-content\\\/uploads\\\/2023\\\/06\\\/cropped-favicon_apdeyna.png\",\"contentUrl\":\"https:\\\/\\\/apdeyna.pl\\\/wp-content\\\/uploads\\\/2023\\\/06\\\/cropped-favicon_apdeyna.png\",\"width\":512,\"height\":512,\"caption\":\"AP Deyna\"},\"image\":{\"@id\":\"https:\\\/\\\/apdeyna.pl\\\/#\\\/schema\\\/logo\\\/image\\\/\"},\"sameAs\":[\"https:\\\/\\\/www.facebook.com\\\/apdeynapl\",\"https:\\\/\\\/www.youtube.com\\\/@APDeyna\"]}]}<\/script>\n<!-- \/ Yoast SEO plugin. -->","yoast_head_json":{"title":"Autorski program szkolenia - AP Deyna","description":"\u26bdRozwijaj swoje dziecko z AP Deyna! Odkryj nasz autorski program szkolenia, kt\u00f3ry \u0142\u0105czy technik\u0119, taktyk\u0119 i mentalno\u015b\u0107 z dba\u0142o\u015bci\u0105 o zdrowie.","robots":{"index":"index","follow":"follow","max-snippet":"max-snippet:-1","max-image-preview":"max-image-preview:large","max-video-preview":"max-video-preview:-1"},"canonical":"https:\/\/apdeyna.pl\/en\/projekty\/autorski-program-szkolenia\/","og_locale":"en_US","og_type":"article","og_title":"Autorski program szkolenia - AP Deyna","og_description":"\u26bdRozwijaj swoje dziecko z AP Deyna! Odkryj nasz autorski program szkolenia, kt\u00f3ry \u0142\u0105czy technik\u0119, taktyk\u0119 i mentalno\u015b\u0107 z dba\u0142o\u015bci\u0105 o zdrowie.","og_url":"https:\/\/apdeyna.pl\/en\/projekty\/autorski-program-szkolenia\/","og_site_name":"AP Deyna","article_publisher":"https:\/\/www.facebook.com\/apdeynapl","article_modified_time":"2025-10-06T09:04:32+00:00","twitter_card":"summary_large_image","twitter_misc":{"Est. reading time":"3 minutes"},"schema":{"@context":"https:\/\/schema.org","@graph":[{"@type":"WebPage","@id":"https:\/\/apdeyna.pl\/projekty\/autorski-program-szkolenia\/","url":"https:\/\/apdeyna.pl\/projekty\/autorski-program-szkolenia\/","name":"Autorski program szkolenia - AP Deyna","isPartOf":{"@id":"https:\/\/apdeyna.pl\/#website"},"datePublished":"2023-05-25T21:58:57+00:00","dateModified":"2025-10-06T09:04:32+00:00","description":"\u26bdRozwijaj swoje dziecko z AP Deyna! Odkryj nasz autorski program szkolenia, kt\u00f3ry \u0142\u0105czy technik\u0119, taktyk\u0119 i mentalno\u015b\u0107 z dba\u0142o\u015bci\u0105 o zdrowie.","breadcrumb":{"@id":"https:\/\/apdeyna.pl\/projekty\/autorski-program-szkolenia\/#breadcrumb"},"inLanguage":"en-US","potentialAction":[{"@type":"ReadAction","target":["https:\/\/apdeyna.pl\/projekty\/autorski-program-szkolenia\/"]}]},{"@type":"BreadcrumbList","@id":"https:\/\/apdeyna.pl\/projekty\/autorski-program-szkolenia\/#breadcrumb","itemListElement":[{"@type":"ListItem","position":1,"name":"Strona g\u0142\u00f3wna","item":"https:\/\/apdeyna.pl\/"},{"@type":"ListItem","position":2,"name":"Projekty","item":"https:\/\/apdeyna.pl\/projekty\/"},{"@type":"ListItem","position":3,"name":"Autorski program szkolenia"}]},{"@type":"WebSite","@id":"https:\/\/apdeyna.pl\/#website","url":"https:\/\/apdeyna.pl\/","name":"AP Deyna","description":"AKADEMIA PI\u0141KARSKA IM. KAZIMIERZA DEYNY","publisher":{"@id":"https:\/\/apdeyna.pl\/#organization"},"potentialAction":[{"@type":"SearchAction","target":{"@type":"EntryPoint","urlTemplate":"https:\/\/apdeyna.pl\/?s={search_term_string}"},"query-input":{"@type":"PropertyValueSpecification","valueRequired":true,"valueName":"search_term_string"}}],"inLanguage":"en-US"},{"@type":"Organization","@id":"https:\/\/apdeyna.pl\/#organization","name":"AP Deyna","url":"https:\/\/apdeyna.pl\/","logo":{"@type":"ImageObject","inLanguage":"en-US","@id":"https:\/\/apdeyna.pl\/#\/schema\/logo\/image\/","url":"https:\/\/apdeyna.pl\/wp-content\/uploads\/2023\/06\/cropped-favicon_apdeyna.png","contentUrl":"https:\/\/apdeyna.pl\/wp-content\/uploads\/2023\/06\/cropped-favicon_apdeyna.png","width":512,"height":512,"caption":"AP Deyna"},"image":{"@id":"https:\/\/apdeyna.pl\/#\/schema\/logo\/image\/"},"sameAs":["https:\/\/www.facebook.com\/apdeynapl","https:\/\/www.youtube.com\/@APDeyna"]}]}},"_links":{"self":[{"href":"https:\/\/apdeyna.pl\/en\/wp-json\/wp\/v2\/pages\/803","targetHints":{"allow":["GET"]}}],"collection":[{"href":"https:\/\/apdeyna.pl\/en\/wp-json\/wp\/v2\/pages"}],"about":[{"href":"https:\/\/apdeyna.pl\/en\/wp-json\/wp\/v2\/types\/page"}],"author":[{"embeddable":true,"href":"https:\/\/apdeyna.pl\/en\/wp-json\/wp\/v2\/users\/1"}],"replies":[{"embeddable":true,"href":"https:\/\/apdeyna.pl\/en\/wp-json\/wp\/v2\/comments?post=803"}],"version-history":[{"count":0,"href":"https:\/\/apdeyna.pl\/en\/wp-json\/wp\/v2\/pages\/803\/revisions"}],"up":[{"embeddable":true,"href":"https:\/\/apdeyna.pl\/en\/wp-json\/wp\/v2\/pages\/799"}],"wp:attachment":[{"href":"https:\/\/apdeyna.pl\/en\/wp-json\/wp\/v2\/media?parent=803"}],"curies":[{"name":"wp","href":"https:\/\/api.w.org\/{rel}","templated":true}]}}