{"id":812,"date":"2023-05-26T00:00:57","date_gmt":"2023-05-25T22:00:57","guid":{"rendered":"https:\/\/apdeyna.pl\/?page_id=812"},"modified":"2025-10-06T11:06:28","modified_gmt":"2025-10-06T09:06:28","slug":"przedszkola-my-chcemy-gola","status":"publish","type":"page","link":"https:\/\/apdeyna.pl\/en\/projekty\/przedszkola-my-chcemy-gola\/","title":{"rendered":"Przedszkola &#8211; my chcemy gola!"},"content":{"rendered":"<div data-elementor-type=\"wp-page\" data-elementor-id=\"812\" class=\"elementor elementor-812\" data-elementor-post-type=\"page\">\n\t\t\t\t\t\t<section class=\"elementor-section elementor-top-section elementor-element elementor-element-2984bd7 elementor-section-boxed elementor-section-height-default elementor-section-height-default\" data-id=\"2984bd7\" data-element_type=\"section\">\n\t\t\t\t\t\t<div class=\"elementor-container elementor-column-gap-default\">\n\t\t\t\t\t<div class=\"elementor-column elementor-col-100 elementor-top-column elementor-element elementor-element-ff4e2c7\" data-id=\"ff4e2c7\" data-element_type=\"column\">\n\t\t\t<div class=\"elementor-widget-wrap elementor-element-populated\">\n\t\t\t\t\t\t<div class=\"elementor-element elementor-element-6bbd73b new-text-max-width elementor-widget elementor-widget-text-editor\" data-id=\"6bbd73b\" data-element_type=\"widget\" data-widget_type=\"text-editor.default\">\n\t\t\t\t<div class=\"elementor-widget-container\">\n\t\t\t\t\t\t\t\t\t<div><h2><strong><span style=\"color: #008000;\">Nabory na sezon 2025\/2026<\/span><\/strong><\/h2><p>Nasze treningi prowadz\u0105 <strong>licencjonowani trenerzy<\/strong> z do\u015bwiadczeniem w pracy z dzie\u0107mi. To pasjonaci pi\u0142ki no\u017cnej, kt\u00f3rzy potrafi\u0105 po\u0142\u0105czy\u0107 profesjonalizm ze \u015bwietn\u0105 atmosfer\u0105. Trenujemy na <a href=\"https:\/\/apdeyna.pl\/en\/lokalizacje\/\"><strong>nowoczesnych boiskach w kilku lokalizacjach<\/strong><\/a>. Zaj\u0119cia dostosowane s\u0105 do wieku i poziomu zaawansowania dzieci. Zapraszamy dzieci w wieku <strong>od 5 do 15 lat<\/strong>. Grupy tworzymy wed\u0142ug wieku i poziomu umiej\u0119tno\u015bci, aby ka\u017cde dziecko mog\u0142o trenowa\u0107 w odpowiednim dla siebie tempie. Miesi\u0119czna sk\u0142adka wynosi <strong>300 z\u0142<\/strong>. Wpisowe dla nowych cz\u0142onk\u00f3w wynosi <strong>od 199 do 600 z\u0142<\/strong> (cena zale\u017cna od ilo\u015bci i typu stroju jakie otrzymuje dziecko). Ka\u017cde dziecko mo\u017ce wzi\u0105\u0107 udzia\u0142 w <strong>bezp\u0142atnym treningu pr\u00f3bnym<\/strong>, aby przekona\u0107 si\u0119, czy pi\u0142ka no\u017cna to jego pasja. Z darmowego treningu mo\u017cna skorzysta\u0107 od po\u0142owy sierpnia do ko\u0144ca wrze\u015bnia. Stawiamy na <strong>fair play, wsp\u00f3\u0142prac\u0119 i rado\u015b\u0107 z gry<\/strong>. Naszym celem jest nie tylko rozw\u00f3j sportowy, ale te\u017c budowanie pewno\u015bci siebie, przyja\u017ani i pasji do aktywno\u015bci fizycznej. Poza samymi treningami regularnie bierzemy udzia\u0142 w sparingach, turniejach i wydarzeniach pi\u0142karskich. Dzi\u0119ki temu dzieci ucz\u0105 si\u0119 wsp\u00f3\u0142pracy w dru\u017cynie i ciesz\u0105 si\u0119 prawdziw\u0105 pi\u0142karsk\u0105 rywalizacj\u0105. W trakcie wakacji letnich organizujemy r\u00f3wnie\u017c obozy.<\/p><p>Aby zapisa\u0107 dziecko nale\u017cy <a href=\"https:\/\/apdeyny.protrainup.com\/pl\/forms\/888?signature=cde1173bf3da318dd5b14c331728b8ed23711f19e0104a590e45de148990abf2\" target=\"_blank\" rel=\"noopener\"><strong>wype\u0142ni\u0107<\/strong> <strong>formularz<\/strong><\/a> oraz wype\u0142ni\u0107 deklaracj\u0119 cz\u0142onkowsk\u0105.<\/p><\/div>\t\t\t\t\t\t\t\t<\/div>\n\t\t\t\t<\/div>\n\t\t\t\t<div class=\"elementor-element elementor-element-d8d369a elementor-widget elementor-widget-heading\" data-id=\"d8d369a\" data-element_type=\"widget\" data-widget_type=\"heading.default\">\n\t\t\t\t<div class=\"elementor-widget-container\">\n\t\t\t\t\t<h1 class=\"elementor-heading-title elementor-size-default\">Przedszkola - My Chcemy Gola!<\/h1>\t\t\t\t<\/div>\n\t\t\t\t<\/div>\n\t\t\t\t<div class=\"elementor-element elementor-element-773da8b elementor-widget elementor-widget-text-editor\" data-id=\"773da8b\" data-element_type=\"widget\" data-widget_type=\"text-editor.default\">\n\t\t\t\t<div class=\"elementor-widget-container\">\n\t\t\t\t\t\t\t\t\t<p style=\"text-align: center;\">\u201eMy Chcemy Gola!\u201d to innowacyjny program Akademii Pi\u0142karskiej Deyna, stworzony z my\u015bl\u0105 o dzieciach w wieku przedszkolnym. Naszym celem jest wczesne zaszczepienie mi\u0142o\u015bci do sportu, aktywnego trybu \u017cycia i <b>pasji do pi\u0142ki no\u017cnej<\/b> w najm\u0142odszych. Zaj\u0119cia odbywaj\u0105 si\u0119 bezpo\u015brednio w przedszkolach, co jest wygodnym i bezpiecznym rozwi\u0105zaniem dla rodzic\u00f3w i dzieci.<\/p>\t\t\t\t\t\t\t\t<\/div>\n\t\t\t\t<\/div>\n\t\t\t\t<div class=\"elementor-element elementor-element-d8c0e8b elementor-widget elementor-widget-heading\" data-id=\"d8c0e8b\" data-element_type=\"widget\" data-widget_type=\"heading.default\">\n\t\t\t\t<div class=\"elementor-widget-container\">\n\t\t\t\t\t<h2 class=\"elementor-heading-title elementor-size-default\">\"My Chcemy Gola!\" - Pi\u0142ka no\u017cna dla najm\u0142odszych <\/h2>\t\t\t\t<\/div>\n\t\t\t\t<\/div>\n\t\t\t\t<div class=\"elementor-element elementor-element-8bc49c1 elementor-widget elementor-widget-text-editor\" data-id=\"8bc49c1\" data-element_type=\"widget\" data-widget_type=\"text-editor.default\">\n\t\t\t\t<div class=\"elementor-widget-container\">\n\t\t\t\t\t\t\t\t\t<p style=\"text-align: center;\"><b>&#8222;Przedszkola &#8211; My chcemy gola!&#8221;<\/b> to wyj\u0105tkowy projekt Akademii Pi\u0142karskiej Deyna, stworzony z my\u015bl\u0105 o najm\u0142odszych. Jego g\u0142\u00f3wnym celem jest promocja sportu i aktywnego stylu \u017cycia w\u015br\u00f3d dzieci w wieku przedszkolnym. Inicjatywa ta oferuje darmowe zaj\u0119cia pi\u0142ki no\u017cnej, kt\u00f3re odbywaj\u0105 si\u0119 bezpo\u015brednio na terenie przedszkoli, eliminuj\u0105c wszelkie bariery logistyczne. Dzi\u0119ki temu, dzieci maj\u0105 szans\u0119 pozna\u0107 futbol w bezpiecznym i doskonale znanym im \u015brodowisku. <b>&#8222;My chcemy gola!&#8221;<\/b> to idealny wst\u0119p do \u015bwiata sportu.<\/p>\t\t\t\t\t\t\t\t<\/div>\n\t\t\t\t<\/div>\n\t\t\t\t<div class=\"elementor-element elementor-element-cb7dc3b elementor-widget elementor-widget-heading\" data-id=\"cb7dc3b\" data-element_type=\"widget\" data-widget_type=\"heading.default\">\n\t\t\t\t<div class=\"elementor-widget-container\">\n\t\t\t\t\t<h2 class=\"elementor-heading-title elementor-size-default\">Dlaczego nasz program jest idealny dla Twojego dziecka?<\/h2>\t\t\t\t<\/div>\n\t\t\t\t<\/div>\n\t\t\t\t<div class=\"elementor-element elementor-element-98d3e3a elementor-widget elementor-widget-text-editor\" data-id=\"98d3e3a\" data-element_type=\"widget\" data-widget_type=\"text-editor.default\">\n\t\t\t\t<div class=\"elementor-widget-container\">\n\t\t\t\t\t\t\t\t\t<ul><li><p><b>Zabawa i rozw\u00f3j:<\/b> Nasze treningi to przede wszystkim weso\u0142a zabawa z elementami pi\u0142karskimi. K\u0142adziemy nacisk na gry i zabawy ruchowe, kt\u00f3re rozwijaj\u0105 koordynacj\u0119, motoryk\u0119 i podstawowe umiej\u0119tno\u015bci pi\u0142karskie w naturalny i przyjemny spos\u00f3b.<\/p><\/li><li><p><b>Bezpieczne \u015brodowisko:<\/b> Zaj\u0119cia prowadzone s\u0105 przez wykwalifikowanych i cierpliwych trener\u00f3w, kt\u00f3rzy doskonale rozumiej\u0105 potrzeby i psychik\u0119 ma\u0142ych dzieci. Zapewniamy pe\u0142ne bezpiecze\u0144stwo i przyjazn\u0105 atmosfer\u0119.<\/p><\/li><li><p><b>Wczesna socjalizacja:<\/b> Dzieci ucz\u0105 si\u0119 wsp\u00f3\u0142pracy w grupie, dzielenia si\u0119, przestrzegania zasad oraz <b>fair play<\/b>. To doskona\u0142a okazja do budowania relacji r\u00f3wie\u015bniczych i poznawania nowych koleg\u00f3w.<\/p><\/li><li><p><b>Wsparcie dla rodzic\u00f3w:<\/b> Rodzice nie musz\u0105 martwi\u0107 si\u0119 o dojazdy na treningi \u2013 my przyje\u017cd\u017camy do przedszkoli! Oszcz\u0119dzasz czas, a Twoje dziecko ma zapewnione zaj\u0119cia sportowe na najwy\u017cszym poziomie.<\/p><\/li><\/ul>\t\t\t\t\t\t\t\t<\/div>\n\t\t\t\t<\/div>\n\t\t\t\t<div class=\"elementor-element elementor-element-b77209c elementor-widget elementor-widget-text-editor\" data-id=\"b77209c\" data-element_type=\"widget\" data-widget_type=\"text-editor.default\">\n\t\t\t\t<div class=\"elementor-widget-container\">\n\t\t\t\t\t\t\t\t\t<p>Dzi\u0119ki programowi \u201eMy Chcemy Gola!\u201d Twoje dziecko pokocha ruch i pi\u0142k\u0119 no\u017cn\u0105! Skontaktuj si\u0119 z nami i dowiedz si\u0119, jak rozpocz\u0105\u0107 zaj\u0119cia w przedszkolu Twojego dziecka.<\/p>\t\t\t\t\t\t\t\t<\/div>\n\t\t\t\t<\/div>\n\t\t\t\t<div class=\"elementor-element elementor-element-c87f851 elementor-widget elementor-widget-heading\" data-id=\"c87f851\" data-element_type=\"widget\" data-widget_type=\"heading.default\">\n\t\t\t\t<div class=\"elementor-widget-container\">\n\t\t\t\t\t<h2 class=\"elementor-heading-title elementor-size-default\">Profesjonalne treningi ju\u017c od przedszkola <\/h2>\t\t\t\t<\/div>\n\t\t\t\t<\/div>\n\t\t\t\t<div class=\"elementor-element elementor-element-76a1715 elementor-widget elementor-widget-text-editor\" data-id=\"76a1715\" data-element_type=\"widget\" data-widget_type=\"text-editor.default\">\n\t\t\t\t<div class=\"elementor-widget-container\">\n\t\t\t\t\t\t\t\t\t<p style=\"text-align: center;\">Cho\u0107 zaj\u0119cia s\u0105 prowadzone w formie zabawy, ich fundamentem jest profesjonalizm. Treningi w ramach projektu <b>&#8222;My chcemy gola!&#8221;<\/b> prowadz\u0105 <span style=\"color: #000000;\"><a style=\"color: #000000;\" href=\"https:\/\/apdeyna.pl\/en\/zapisy\/kadra-trenerska\/\">wykwalifikowani trenerzy<\/a><\/span> z licencj\u0105 UEFA. Pod ich okiem przedszkolaki ucz\u0105 si\u0119 podstawowych zasad i technik pi\u0142karskich, a tak\u017ce rozwijaj\u0105 swoje zdolno\u015bci motoryczne, takie jak koordynacja, szybko\u015b\u0107 i zwinno\u015b\u0107. Zaj\u0119cia pomagaj\u0105 r\u00f3wnie\u017c w rozwoju spo\u0142ecznym i emocjonalnym, ucz\u0105c pracy w grupie, wsp\u00f3\u0142pracy i szacunku dla innych. To wszechstronny rozw\u00f3j, kt\u00f3ry wykracza poza boisko.<\/p>\t\t\t\t\t\t\t\t<\/div>\n\t\t\t\t<\/div>\n\t\t\t\t<div class=\"elementor-element elementor-element-6a82386 elementor-widget elementor-widget-heading\" data-id=\"6a82386\" data-element_type=\"widget\" data-widget_type=\"heading.default\">\n\t\t\t\t<div class=\"elementor-widget-container\">\n\t\t\t\t\t<h2 class=\"elementor-heading-title elementor-size-default\">Kszta\u0142towanie zdrowych nawyk\u00f3w i pasji <\/h2>\t\t\t\t<\/div>\n\t\t\t\t<\/div>\n\t\t\t\t<div class=\"elementor-element elementor-element-7dbc1c1 elementor-widget elementor-widget-text-editor\" data-id=\"7dbc1c1\" data-element_type=\"widget\" data-widget_type=\"text-editor.default\">\n\t\t\t\t<div class=\"elementor-widget-container\">\n\t\t\t\t\t\t\t\t\t<p style=\"text-align: center;\">Projekt <b>&#8222;Przedszkola &#8211; My chcemy gola!&#8221;<\/b> to znacznie wi\u0119cej ni\u017c tylko trening pi\u0142karski. To inwestycja w zdrowie i przysz\u0142o\u015b\u0107 dziecka. Regularna aktywno\u015b\u0107 fizyczna od najm\u0142odszych lat buduje zdrowe nawyki, kt\u00f3re zostaj\u0105 na ca\u0142e \u017cycie. Co wi\u0119cej, projekt ma za zadanie zaszczepi\u0107 w dzieciach prawdziw\u0105 pasj\u0119 do sportu i mi\u0142o\u015b\u0107 do pi\u0142ki no\u017cnej. Dla wielu z nich mo\u017ce to by\u0107 pocz\u0105tek wielkiej, sportowej przygody.<\/p>\t\t\t\t\t\t\t\t<\/div>\n\t\t\t\t<\/div>\n\t\t\t\t\t<\/div>\n\t\t<\/div>\n\t\t\t\t\t<\/div>\n\t\t<\/section>\n\t\t\t\t<\/div>","protected":false},"excerpt":{"rendered":"<p>Nabory na sezon 2025\/2026 Nasze treningi prowadz\u0105 licencjonowani trenerzy z do\u015bwiadczeniem w pracy z dzie\u0107mi. To pasjonaci pi\u0142ki no\u017cnej, kt\u00f3rzy potrafi\u0105 po\u0142\u0105czy\u0107 profesjonalizm ze \u015bwietn\u0105 atmosfer\u0105. Trenujemy na nowoczesnych boiskach w kilku lokalizacjach. Zaj\u0119cia dostosowane s\u0105 do wieku i poziomu zaawansowania dzieci. Zapraszamy dzieci w wieku od 5 do 15 lat. Grupy tworzymy wed\u0142ug wieku [&hellip;]<\/p>\n","protected":false},"author":1,"featured_media":0,"parent":799,"menu_order":0,"comment_status":"closed","ping_status":"closed","template":"elementor_theme","meta":{"footnotes":""},"class_list":["post-812","page","type-page","status-publish","hentry"],"yoast_head":"<!-- This site is optimized with the Yoast SEO plugin v27.5 - https:\/\/yoast.com\/product\/yoast-seo-wordpress\/ -->\n<title>Przedszkola - my chcemy gola! - AP Deyna<\/title>\n<meta name=\"description\" content=\"\u26bd Zaczynasz przygod\u0119 z pi\u0142k\u0105 no\u017cn\u0105? &quot;Przedszkola \u2013 My Chcemy Gola!&quot; to projekt AP Deyna promuj\u0105cy sport dla najm\u0142odszych. Do\u0142\u0105cz! \u26bd\" \/>\n<meta name=\"robots\" content=\"index, follow, max-snippet:-1, max-image-preview:large, max-video-preview:-1\" \/>\n<link rel=\"canonical\" href=\"https:\/\/apdeyna.pl\/en\/projekty\/przedszkola-my-chcemy-gola\/\" \/>\n<meta property=\"og:locale\" content=\"en_US\" \/>\n<meta property=\"og:type\" content=\"article\" \/>\n<meta property=\"og:title\" content=\"Przedszkola - my chcemy gola! - AP Deyna\" \/>\n<meta property=\"og:description\" content=\"\u26bd Zaczynasz przygod\u0119 z pi\u0142k\u0105 no\u017cn\u0105? &quot;Przedszkola \u2013 My Chcemy Gola!&quot; to projekt AP Deyna promuj\u0105cy sport dla najm\u0142odszych. Do\u0142\u0105cz! \u26bd\" \/>\n<meta property=\"og:url\" content=\"https:\/\/apdeyna.pl\/en\/projekty\/przedszkola-my-chcemy-gola\/\" \/>\n<meta property=\"og:site_name\" content=\"AP Deyna\" \/>\n<meta property=\"article:publisher\" content=\"https:\/\/www.facebook.com\/apdeynapl\" \/>\n<meta property=\"article:modified_time\" content=\"2025-10-06T09:06:28+00:00\" \/>\n<meta name=\"twitter:card\" content=\"summary_large_image\" \/>\n<meta name=\"twitter:label1\" content=\"Est. reading time\" \/>\n\t<meta name=\"twitter:data1\" content=\"4 minutes\" \/>\n<script type=\"application\/ld+json\" class=\"yoast-schema-graph\">{\"@context\":\"https:\\\/\\\/schema.org\",\"@graph\":[{\"@type\":\"WebPage\",\"@id\":\"https:\\\/\\\/apdeyna.pl\\\/projekty\\\/przedszkola-my-chcemy-gola\\\/\",\"url\":\"https:\\\/\\\/apdeyna.pl\\\/projekty\\\/przedszkola-my-chcemy-gola\\\/\",\"name\":\"Przedszkola - my chcemy gola! - AP Deyna\",\"isPartOf\":{\"@id\":\"https:\\\/\\\/apdeyna.pl\\\/#website\"},\"datePublished\":\"2023-05-25T22:00:57+00:00\",\"dateModified\":\"2025-10-06T09:06:28+00:00\",\"description\":\"\u26bd Zaczynasz przygod\u0119 z pi\u0142k\u0105 no\u017cn\u0105? \\\"Przedszkola \u2013 My Chcemy Gola!\\\" to projekt AP Deyna promuj\u0105cy sport dla najm\u0142odszych. Do\u0142\u0105cz! \u26bd\",\"breadcrumb\":{\"@id\":\"https:\\\/\\\/apdeyna.pl\\\/projekty\\\/przedszkola-my-chcemy-gola\\\/#breadcrumb\"},\"inLanguage\":\"en-US\",\"potentialAction\":[{\"@type\":\"ReadAction\",\"target\":[\"https:\\\/\\\/apdeyna.pl\\\/projekty\\\/przedszkola-my-chcemy-gola\\\/\"]}]},{\"@type\":\"BreadcrumbList\",\"@id\":\"https:\\\/\\\/apdeyna.pl\\\/projekty\\\/przedszkola-my-chcemy-gola\\\/#breadcrumb\",\"itemListElement\":[{\"@type\":\"ListItem\",\"position\":1,\"name\":\"Strona g\u0142\u00f3wna\",\"item\":\"https:\\\/\\\/apdeyna.pl\\\/\"},{\"@type\":\"ListItem\",\"position\":2,\"name\":\"Projekty\",\"item\":\"https:\\\/\\\/apdeyna.pl\\\/projekty\\\/\"},{\"@type\":\"ListItem\",\"position\":3,\"name\":\"Przedszkola &#8211; my chcemy gola!\"}]},{\"@type\":\"WebSite\",\"@id\":\"https:\\\/\\\/apdeyna.pl\\\/#website\",\"url\":\"https:\\\/\\\/apdeyna.pl\\\/\",\"name\":\"AP Deyna\",\"description\":\"AKADEMIA PI\u0141KARSKA IM. KAZIMIERZA DEYNY\",\"publisher\":{\"@id\":\"https:\\\/\\\/apdeyna.pl\\\/#organization\"},\"potentialAction\":[{\"@type\":\"SearchAction\",\"target\":{\"@type\":\"EntryPoint\",\"urlTemplate\":\"https:\\\/\\\/apdeyna.pl\\\/?s={search_term_string}\"},\"query-input\":{\"@type\":\"PropertyValueSpecification\",\"valueRequired\":true,\"valueName\":\"search_term_string\"}}],\"inLanguage\":\"en-US\"},{\"@type\":\"Organization\",\"@id\":\"https:\\\/\\\/apdeyna.pl\\\/#organization\",\"name\":\"AP Deyna\",\"url\":\"https:\\\/\\\/apdeyna.pl\\\/\",\"logo\":{\"@type\":\"ImageObject\",\"inLanguage\":\"en-US\",\"@id\":\"https:\\\/\\\/apdeyna.pl\\\/#\\\/schema\\\/logo\\\/image\\\/\",\"url\":\"https:\\\/\\\/apdeyna.pl\\\/wp-content\\\/uploads\\\/2023\\\/06\\\/cropped-favicon_apdeyna.png\",\"contentUrl\":\"https:\\\/\\\/apdeyna.pl\\\/wp-content\\\/uploads\\\/2023\\\/06\\\/cropped-favicon_apdeyna.png\",\"width\":512,\"height\":512,\"caption\":\"AP Deyna\"},\"image\":{\"@id\":\"https:\\\/\\\/apdeyna.pl\\\/#\\\/schema\\\/logo\\\/image\\\/\"},\"sameAs\":[\"https:\\\/\\\/www.facebook.com\\\/apdeynapl\",\"https:\\\/\\\/www.youtube.com\\\/@APDeyna\"]}]}<\/script>\n<!-- \/ Yoast SEO plugin. -->","yoast_head_json":{"title":"Przedszkola - my chcemy gola! - AP Deyna","description":"\u26bd Zaczynasz przygod\u0119 z pi\u0142k\u0105 no\u017cn\u0105? \"Przedszkola \u2013 My Chcemy Gola!\" to projekt AP Deyna promuj\u0105cy sport dla najm\u0142odszych. Do\u0142\u0105cz! \u26bd","robots":{"index":"index","follow":"follow","max-snippet":"max-snippet:-1","max-image-preview":"max-image-preview:large","max-video-preview":"max-video-preview:-1"},"canonical":"https:\/\/apdeyna.pl\/en\/projekty\/przedszkola-my-chcemy-gola\/","og_locale":"en_US","og_type":"article","og_title":"Przedszkola - my chcemy gola! - AP Deyna","og_description":"\u26bd Zaczynasz przygod\u0119 z pi\u0142k\u0105 no\u017cn\u0105? \"Przedszkola \u2013 My Chcemy Gola!\" to projekt AP Deyna promuj\u0105cy sport dla najm\u0142odszych. Do\u0142\u0105cz! \u26bd","og_url":"https:\/\/apdeyna.pl\/en\/projekty\/przedszkola-my-chcemy-gola\/","og_site_name":"AP Deyna","article_publisher":"https:\/\/www.facebook.com\/apdeynapl","article_modified_time":"2025-10-06T09:06:28+00:00","twitter_card":"summary_large_image","twitter_misc":{"Est. reading time":"4 minutes"},"schema":{"@context":"https:\/\/schema.org","@graph":[{"@type":"WebPage","@id":"https:\/\/apdeyna.pl\/projekty\/przedszkola-my-chcemy-gola\/","url":"https:\/\/apdeyna.pl\/projekty\/przedszkola-my-chcemy-gola\/","name":"Przedszkola - my chcemy gola! - AP Deyna","isPartOf":{"@id":"https:\/\/apdeyna.pl\/#website"},"datePublished":"2023-05-25T22:00:57+00:00","dateModified":"2025-10-06T09:06:28+00:00","description":"\u26bd Zaczynasz przygod\u0119 z pi\u0142k\u0105 no\u017cn\u0105? \"Przedszkola \u2013 My Chcemy Gola!\" to projekt AP Deyna promuj\u0105cy sport dla najm\u0142odszych. Do\u0142\u0105cz! \u26bd","breadcrumb":{"@id":"https:\/\/apdeyna.pl\/projekty\/przedszkola-my-chcemy-gola\/#breadcrumb"},"inLanguage":"en-US","potentialAction":[{"@type":"ReadAction","target":["https:\/\/apdeyna.pl\/projekty\/przedszkola-my-chcemy-gola\/"]}]},{"@type":"BreadcrumbList","@id":"https:\/\/apdeyna.pl\/projekty\/przedszkola-my-chcemy-gola\/#breadcrumb","itemListElement":[{"@type":"ListItem","position":1,"name":"Strona g\u0142\u00f3wna","item":"https:\/\/apdeyna.pl\/"},{"@type":"ListItem","position":2,"name":"Projekty","item":"https:\/\/apdeyna.pl\/projekty\/"},{"@type":"ListItem","position":3,"name":"Przedszkola &#8211; my chcemy gola!"}]},{"@type":"WebSite","@id":"https:\/\/apdeyna.pl\/#website","url":"https:\/\/apdeyna.pl\/","name":"AP Deyna","description":"AKADEMIA PI\u0141KARSKA IM. KAZIMIERZA DEYNY","publisher":{"@id":"https:\/\/apdeyna.pl\/#organization"},"potentialAction":[{"@type":"SearchAction","target":{"@type":"EntryPoint","urlTemplate":"https:\/\/apdeyna.pl\/?s={search_term_string}"},"query-input":{"@type":"PropertyValueSpecification","valueRequired":true,"valueName":"search_term_string"}}],"inLanguage":"en-US"},{"@type":"Organization","@id":"https:\/\/apdeyna.pl\/#organization","name":"AP Deyna","url":"https:\/\/apdeyna.pl\/","logo":{"@type":"ImageObject","inLanguage":"en-US","@id":"https:\/\/apdeyna.pl\/#\/schema\/logo\/image\/","url":"https:\/\/apdeyna.pl\/wp-content\/uploads\/2023\/06\/cropped-favicon_apdeyna.png","contentUrl":"https:\/\/apdeyna.pl\/wp-content\/uploads\/2023\/06\/cropped-favicon_apdeyna.png","width":512,"height":512,"caption":"AP Deyna"},"image":{"@id":"https:\/\/apdeyna.pl\/#\/schema\/logo\/image\/"},"sameAs":["https:\/\/www.facebook.com\/apdeynapl","https:\/\/www.youtube.com\/@APDeyna"]}]}},"_links":{"self":[{"href":"https:\/\/apdeyna.pl\/en\/wp-json\/wp\/v2\/pages\/812","targetHints":{"allow":["GET"]}}],"collection":[{"href":"https:\/\/apdeyna.pl\/en\/wp-json\/wp\/v2\/pages"}],"about":[{"href":"https:\/\/apdeyna.pl\/en\/wp-json\/wp\/v2\/types\/page"}],"author":[{"embeddable":true,"href":"https:\/\/apdeyna.pl\/en\/wp-json\/wp\/v2\/users\/1"}],"replies":[{"embeddable":true,"href":"https:\/\/apdeyna.pl\/en\/wp-json\/wp\/v2\/comments?post=812"}],"version-history":[{"count":24,"href":"https:\/\/apdeyna.pl\/en\/wp-json\/wp\/v2\/pages\/812\/revisions"}],"predecessor-version":[{"id":3247,"href":"https:\/\/apdeyna.pl\/en\/wp-json\/wp\/v2\/pages\/812\/revisions\/3247"}],"up":[{"embeddable":true,"href":"https:\/\/apdeyna.pl\/en\/wp-json\/wp\/v2\/pages\/799"}],"wp:attachment":[{"href":"https:\/\/apdeyna.pl\/en\/wp-json\/wp\/v2\/media?parent=812"}],"curies":[{"name":"wp","href":"https:\/\/api.w.org\/{rel}","templated":true}]}}